{"id":1510,"date":"2020-08-08T14:36:00","date_gmt":"2020-08-08T14:36:00","guid":{"rendered":"http:\/\/mairie44670.epizy.com\/?page_id=1510"},"modified":"2021-02-21T15:45:11","modified_gmt":"2021-02-21T14:45:11","slug":"recensement-citoyen-obligatoire","status":"publish","type":"page","link":"https:\/\/stjuliendevouvantes.fr\/index.php\/recensement-citoyen-obligatoire\/","title":{"rendered":"RECENSEMENT CITOYEN"},"content":{"rendered":"\n<figure class=\"wp-block-image size-large\"><img fetchpriority=\"high\" decoding=\"async\" width=\"1024\" height=\"725\" src=\"http:\/\/mairiestjulien.atspace.eu\/wp-content\/uploads\/2020\/11\/pub-recensement_2014_horizontal_fille.jpg\" alt=\"\" class=\"wp-image-2573\" srcset=\"https:\/\/stjuliendevouvantes.fr\/wp-content\/uploads\/2020\/11\/pub-recensement_2014_horizontal_fille.jpg 1024w, https:\/\/stjuliendevouvantes.fr\/wp-content\/uploads\/2020\/11\/pub-recensement_2014_horizontal_fille-300x212.jpg 300w, https:\/\/stjuliendevouvantes.fr\/wp-content\/uploads\/2020\/11\/pub-recensement_2014_horizontal_fille-768x544.jpg 768w, https:\/\/stjuliendevouvantes.fr\/wp-content\/uploads\/2020\/11\/pub-recensement_2014_horizontal_fille-465x329.jpg 465w, https:\/\/stjuliendevouvantes.fr\/wp-content\/uploads\/2020\/11\/pub-recensement_2014_horizontal_fille-695x492.jpg 695w\" sizes=\"(max-width: 1024px) 100vw, 1024px\" \/><\/figure>\n\n\n<p>Les jeunes Fran\u00e7ais et Fran\u00e7aises doivent se faire recenser d\u00e8s l\u2019\u00e2ge de seize ans et avant la fin du 3\u00e8me mois suivant.<br class=\"autobr\">Ils se pr\u00e9sentent \u00e0 la Mairie de leur domicile, munis de leur carte d\u2019identit\u00e9 et du livret de famille des parents.<br class=\"autobr\">A cette occasion, la mairie leur remet une attestation de recensement.<\/p>\n<p><strong>Attention<\/strong>&nbsp;: Ce document n\u2019a pas de validit\u00e9 pour les d\u00e9marches administratives, il permet exclusivement de justifier du recensement effectu\u00e9.<\/p>\n<p><strong>Seul le certificat individuel de participation \u00e0 la journ\u00e9e d\u00e9fense et citoyennet\u00e9 (JDC) est indispensable \u00e0 la constitution des dossiers de candidature aux examens et concours soumis au contr\u00f4le de l\u2019autorit\u00e9 publique jusqu\u2019\u00e0 l\u2019\u00e2ge de vingt-cinq ans. <\/strong> (Dossier auto-\u00e9cole, inscription au Baccalaur\u00e9at et aux examens des dipl\u00f4mes professionnels CAP, BEP, BAC pro\u2026, volontariat sapeur-pompier, concours des fonctions publiques, recrutements dans les forces arm\u00e9es et de la Gendarmerie, \u2026)<\/p>\n<p>Le recensement dans les d\u00e9lais permet l\u2019envoi d\u2019une convocation \u00e0 la Journ\u00e9e D\u00e9fense et Citoyennet\u00e9 \u00e0 17 ans 3 mois environ, et l\u2019inscription automatique sur les listes \u00e9lectorales \u00e0 18 ans.<\/p>\n<p><strong>Un recensement tardif : c\u2019est une convocation tardive \u00e0 la JDC, c\u2019est l\u2019impossibilit\u00e9 de s\u2019inscrire \u00e0 un examen, c\u2019est une non inscription automatique sur les listes \u00e9lectorales.<\/strong><\/p>\n\n\n<figure class=\"wp-block-image size-large\"><img decoding=\"async\" width=\"1024\" height=\"1024\" src=\"http:\/\/mairiestjulien.atspace.eu\/wp-content\/uploads\/2020\/11\/250x250_300dpi-2-1024x1024.gif\" alt=\"\" class=\"wp-image-2574\" srcset=\"https:\/\/stjuliendevouvantes.fr\/wp-content\/uploads\/2020\/11\/250x250_300dpi-2-1024x1024.gif 1024w, https:\/\/stjuliendevouvantes.fr\/wp-content\/uploads\/2020\/11\/250x250_300dpi-2-300x300.gif 300w, https:\/\/stjuliendevouvantes.fr\/wp-content\/uploads\/2020\/11\/250x250_300dpi-2-150x150.gif 150w, https:\/\/stjuliendevouvantes.fr\/wp-content\/uploads\/2020\/11\/250x250_300dpi-2-768x768.gif 768w, https:\/\/stjuliendevouvantes.fr\/wp-content\/uploads\/2020\/11\/250x250_300dpi-2-465x465.gif 465w, https:\/\/stjuliendevouvantes.fr\/wp-content\/uploads\/2020\/11\/250x250_300dpi-2-500x500.gif 500w\" sizes=\"(max-width: 1024px) 100vw, 1024px\" \/><\/figure>\n\n\n\n<div class=\"wp-block-buttons aligncenter is-layout-flex wp-block-buttons-is-layout-flex\">\n<div class=\"wp-block-button\"><a class=\"wp-block-button__link has-very-light-gray-color has-vivid-cyan-blue-background-color has-text-color has-background\" href=\"http:\/\/mairiestjulien.atspace.eu\/wp-content\/uploads\/2020\/11\/20201001093251693.pdf\" target=\"_blank\" rel=\"noreferrer noopener\">DOCUMENT MA JCD<\/a><\/div>\n<\/div>\n\n\n\n<p><\/p>\n","protected":false},"excerpt":{"rendered":"<p>Les jeunes Fran\u00e7ais et Fran\u00e7aises doivent se faire recenser d\u00e8s l\u2019\u00e2ge de seize ans et avant la fin du 3\u00e8me mois suivant.Ils se pr\u00e9sentent \u00e0 la Mairie de leur domicile, munis de leur carte d\u2019identit\u00e9 et du livret de famille des parents.A cette occasion, la mairie leur remet une attestation<span class=\"more-link\"><a href=\"https:\/\/stjuliendevouvantes.fr\/index.php\/recensement-citoyen-obligatoire\/\">lire la suite &#8230;<\/a><\/span><\/p>\n","protected":false},"author":1,"featured_media":0,"parent":0,"menu_order":0,"comment_status":"closed","ping_status":"closed","template":"","meta":{"om_disable_all_campaigns":false,"_monsterinsights_skip_tracking":false,"_monsterinsights_sitenote_active":false,"_monsterinsights_sitenote_note":"","_monsterinsights_sitenote_category":0,"footnotes":""},"class_list":["entry","author-admin5401","post-1510","page","type-page","status-publish"],"aioseo_notices":[],"publishpress_future_action":{"enabled":false,"date":"2026-04-24 05:20:27","action":"change-status","newStatus":"draft","terms":[],"taxonomy":"","extraData":[]},"publishpress_future_workflow_manual_trigger":{"enabledWorkflows":[]},"_links":{"self":[{"href":"https:\/\/stjuliendevouvantes.fr\/index.php\/wp-json\/wp\/v2\/pages\/1510","targetHints":{"allow":["GET"]}}],"collection":[{"href":"https:\/\/stjuliendevouvantes.fr\/index.php\/wp-json\/wp\/v2\/pages"}],"about":[{"href":"https:\/\/stjuliendevouvantes.fr\/index.php\/wp-json\/wp\/v2\/types\/page"}],"author":[{"embeddable":true,"href":"https:\/\/stjuliendevouvantes.fr\/index.php\/wp-json\/wp\/v2\/users\/1"}],"replies":[{"embeddable":true,"href":"https:\/\/stjuliendevouvantes.fr\/index.php\/wp-json\/wp\/v2\/comments?post=1510"}],"version-history":[{"count":1,"href":"https:\/\/stjuliendevouvantes.fr\/index.php\/wp-json\/wp\/v2\/pages\/1510\/revisions"}],"predecessor-version":[{"id":3638,"href":"https:\/\/stjuliendevouvantes.fr\/index.php\/wp-json\/wp\/v2\/pages\/1510\/revisions\/3638"}],"wp:attachment":[{"href":"https:\/\/stjuliendevouvantes.fr\/index.php\/wp-json\/wp\/v2\/media?parent=1510"}],"curies":[{"name":"wp","href":"https:\/\/api.w.org\/{rel}","templated":true}]}}