{"id":1884,"date":"2020-10-14T13:25:20","date_gmt":"2020-10-14T13:25:20","guid":{"rendered":"http:\/\/mairie44670.epizy.com\/?page_id=1884"},"modified":"2025-08-20T12:30:51","modified_gmt":"2025-08-20T10:30:51","slug":"comite-des-fetes","status":"publish","type":"page","link":"https:\/\/stjuliendevouvantes.fr\/index.php\/comite-des-fetes\/","title":{"rendered":"COMITE DES FETES"},"content":{"rendered":"<div class=\"champ contenu_activite\"><strong><label>Activit\u00e9 : <\/label><\/strong><span class=\"activite\" dir=\"ltr\">Comit\u00e9 des F\u00eates<\/span><\/div>\n<div class=\"champ contenu_nom\"><label><strong>Nom :<\/strong>\u00a0<\/label><span class=\"nom\" dir=\"ltr\">Comit\u00e9 des F\u00eates<\/span><\/div>\n<div class=\"champ contenu_contact\"><label><strong>Contact :<\/strong>\u00a0<\/label><span class=\"contact\" dir=\"ltr\">Monsieur LARDEUX Fr\u00e9d\u00e9ric<\/span><\/div>\n<div class=\"champ contenu_adresse1\"><strong><label>Adresse principale :\u00a0<\/label><\/strong><span class=\"adresse1\" dir=\"ltr\">16 bis rue des Rochettes<\/span><\/div>\n<div class=\"champ contenu_cp\"><label><strong>Code postal :<\/strong>\u00a0<\/label><span class=\"cp\" dir=\"ltr\">44670<\/span><\/div>\n<div class=\"champ contenu_ville\"><label><strong>Ville :<\/strong>\u00a0<\/label><span class=\"ville\" dir=\"ltr\">SAINT JULIEN DE VOUVANTES<\/span><\/div>\n<div>Mobile : 07 88 28 78 18<\/div>\n<div><strong>Mail :<\/strong> marina.lardeux@orange.fr<\/div>\n","protected":false},"excerpt":{"rendered":"<p>Activit\u00e9 : Comit\u00e9 des F\u00eates Nom :\u00a0Comit\u00e9 des F\u00eates Contact :\u00a0Monsieur LARDEUX Fr\u00e9d\u00e9ric Adresse principale :\u00a016 bis rue des Rochettes Code postal :\u00a044670 Ville :\u00a0SAINT JULIEN DE VOUVANTES Mobile : 07 88 28 78 18 Mail : marina.lardeux@orange.fr<span class=\"more-link\"><a href=\"https:\/\/stjuliendevouvantes.fr\/index.php\/comite-des-fetes\/\">lire la suite &#8230;<\/a><\/span><\/p>\n","protected":false},"author":1,"featured_media":0,"parent":0,"menu_order":0,"comment_status":"closed","ping_status":"closed","template":"","meta":{"om_disable_all_campaigns":false,"_monsterinsights_skip_tracking":false,"_monsterinsights_sitenote_active":false,"_monsterinsights_sitenote_note":"","_monsterinsights_sitenote_category":0,"footnotes":""},"class_list":["entry","author-admin5401","post-1884","page","type-page","status-publish"],"aioseo_notices":[],"publishpress_future_action":{"enabled":false,"date":"2026-04-28 12:20:38","action":"change-status","newStatus":"draft","terms":[],"taxonomy":"","extraData":[]},"publishpress_future_workflow_manual_trigger":{"enabledWorkflows":[]},"_links":{"self":[{"href":"https:\/\/stjuliendevouvantes.fr\/index.php\/wp-json\/wp\/v2\/pages\/1884","targetHints":{"allow":["GET"]}}],"collection":[{"href":"https:\/\/stjuliendevouvantes.fr\/index.php\/wp-json\/wp\/v2\/pages"}],"about":[{"href":"https:\/\/stjuliendevouvantes.fr\/index.php\/wp-json\/wp\/v2\/types\/page"}],"author":[{"embeddable":true,"href":"https:\/\/stjuliendevouvantes.fr\/index.php\/wp-json\/wp\/v2\/users\/1"}],"replies":[{"embeddable":true,"href":"https:\/\/stjuliendevouvantes.fr\/index.php\/wp-json\/wp\/v2\/comments?post=1884"}],"version-history":[{"count":4,"href":"https:\/\/stjuliendevouvantes.fr\/index.php\/wp-json\/wp\/v2\/pages\/1884\/revisions"}],"predecessor-version":[{"id":6022,"href":"https:\/\/stjuliendevouvantes.fr\/index.php\/wp-json\/wp\/v2\/pages\/1884\/revisions\/6022"}],"wp:attachment":[{"href":"https:\/\/stjuliendevouvantes.fr\/index.php\/wp-json\/wp\/v2\/media?parent=1884"}],"curies":[{"name":"wp","href":"https:\/\/api.w.org\/{rel}","templated":true}]}}