{"id":1961,"date":"2020-10-16T14:22:28","date_gmt":"2020-10-16T14:22:28","guid":{"rendered":"http:\/\/mairie44670.epizy.com\/?page_id=1961"},"modified":"2021-02-21T14:24:54","modified_gmt":"2021-02-21T13:24:54","slug":"etude-de-maitre-lepine-stephanie","status":"publish","type":"page","link":"https:\/\/stjuliendevouvantes.fr\/index.php\/etude-de-maitre-lepine-stephanie\/","title":{"rendered":"ETUDE DE MAITRE LEPINE STEPHANIE"},"content":{"rendered":"<div class=\"champ contenu_activite\"><label><strong>Activit\u00e9 :<\/strong> <\/label><span class=\"activite\" dir=\"ltr\">Notaire<\/span><\/div>\n<div class=\"champ contenu_nom\"><strong><label>Nom :&nbsp;<\/label><\/strong><span class=\"nom\" dir=\"ltr\">Etude de Ma\u00eetre LEPINE St\u00e9phanie<\/span><\/div>\n<div class=\"champ contenu_contact\"><label><strong>Contact :<\/strong>&nbsp;<\/label><span class=\"contact\" dir=\"ltr\">Ma\u00eetre LEPINE St\u00e9phanie<\/span><\/div>\n<div class=\"champ contenu_adresse1\"><label><strong>Adresse principale :<\/strong>&nbsp;<\/label><span class=\"adresse1\" dir=\"ltr\">Rue de La Lib\u00e9ration<\/span><\/div>\n<div class=\"champ contenu_cp\"><label><strong>Code postal :<\/strong>&nbsp;<\/label><span class=\"cp\" dir=\"ltr\">44670<\/span><\/div>\n<div class=\"champ contenu_ville\"><label><strong>Ville :<\/strong>&nbsp;<\/label><span class=\"ville\" dir=\"ltr\">SAINT JULIEN DE VOUVANTES<\/span><\/div>\n<div class=\"champ contenu_fixe\"><label><strong>Fixe :<\/strong>&nbsp;<\/label><span class=\"fixe\" dir=\"ltr\">02 40 55 50 06<\/span><\/div>\n<div class=\"champ contenu_fax\"><label><strong>Fax :<\/strong>&nbsp;<\/label><span class=\"fax\" dir=\"ltr\">02 40 55 53 77<\/span><\/div>\n\n\n<hr class=\"wp-block-separator\"\/>\n\n\n\n<h5 class=\"has-vivid-red-color has-text-color wp-block-heading\">Envoyer un mail \u00e0 Ma\u00eetre L\u00e9pine<\/h5>\n\n\n<div id=\"vfb-form-17\" class=\"visual-form-builder-container\"><form id=\"maitre-lepine-17\" class=\"visual-form-builder vfb-form-17 \" method=\"post\" enctype=\"multipart\/form-data\">\n\t  \t<input type=\"hidden\" name=\"form_id\" value=\"17\" \/><fieldset class=\"vfb-fieldset vfb-fieldset-1 contact \" id=\"item-vfb-145\"><div class=\"vfb-legend\"><h3>CONTACT<\/h3><\/div><ul class=\"vfb-section vfb-section-1\"><li class=\"vfb-item vfb-item-text   vfb-left-half\" id=\"item-vfb-149\"><label for=\"vfb-149\" class=\"vfb-desc\">NOM  <span class=\"vfb-required-asterisk\">*<\/span><\/label><input type=\"text\" name=\"vfb-149\" id=\"vfb-149\" value=\"\" class=\"vfb-text  vfb-medium  required  \" \/><\/li><li class=\"vfb-item vfb-item-text   vfb-right-half\" id=\"item-vfb-150\"><label for=\"vfb-150\" class=\"vfb-desc\">PRENOM  <span class=\"vfb-required-asterisk\">*<\/span><\/label><input type=\"text\" name=\"vfb-150\" id=\"vfb-150\" value=\"\" class=\"vfb-text  vfb-medium  required  \" \/><\/li><li class=\"vfb-item vfb-item-email  \" id=\"item-vfb-151\"><label for=\"vfb-151\" class=\"vfb-desc\">EMAIL  <span class=\"vfb-required-asterisk\">*<\/span><\/label><input type=\"email\" name=\"vfb-151\" id=\"vfb-151\" value=\"\" class=\"vfb-text  vfb-medium  required  email \" \/><\/li><li class=\"vfb-item vfb-item-text  \" id=\"item-vfb-153\"><label for=\"vfb-153\" class=\"vfb-desc\">SUJET  <span class=\"vfb-required-asterisk\">*<\/span><\/label><input type=\"text\" name=\"vfb-153\" id=\"vfb-153\" value=\"\" class=\"vfb-text  vfb-medium  required  \" \/><\/li><li class=\"vfb-item vfb-item-textarea  \" id=\"item-vfb-152\"><label for=\"vfb-152\" class=\"vfb-desc\">VOTRE MESSAGE  <span class=\"vfb-required-asterisk\">*<\/span><\/label><div><textarea name=\"vfb-152\" id=\"vfb-152\" class=\"vfb-textarea  vfb-medium  required \"><\/textarea><\/div><\/li><\/ul>&nbsp;<\/fieldset><fieldset class=\"vfb-fieldset vfb-fieldset-2 verification \" id=\"item-vfb-146\" style=\"display:block\"><div class=\"vfb-legend\"><h3>V\u00e9rification<\/h3><\/div><ul class=\"vfb-section vfb-section-2\"><li class=\"vfb-item vfb-item-secret\"  style=\"display:block\"><label for=\"vfb-147\" class=\"vfb-desc\">RENTRER SVP DEUX CHIFFRES <span class=\"vfb-required-asterisk\">*<\/span><\/label><input type=\"hidden\" name=\"_vfb-secret\" value=\"vfb-147\" \/><span class=\"vfb-span\"><input type=\"text\" name=\"vfb-147\" id=\"vfb-147\" value=\"\" class=\"vfb-text  vfb-medium  required {digits:true,maxlength:2,minlength:2} \" style=\"display:block\" \/><label>Exemple: 12<\/label><\/span><li style=\"display:none;\"><label>Cette bo\u00eete est pour la protection contre le spam - &lt;strong&gt;Veuillez laisser en blanc&lt;\/strong&gt;:<\/label><div><input name=\"vfb-spam\" \/><\/div><\/li>\n\t\t\t<li class=\"vfb-item vfb-item-submit\" id=\"item-vfb-148\">\n\t\t\t\t<input type=\"submit\" name=\"vfb-submit\" id=\"vfb-148\" value=\"ENVOYER\" class=\"vfb-submit \" \/>\n\t\t\t\t<\/li><\/ul>\n\t\t\t<\/fieldset><input type=\"hidden\" name=\"_wp_http_referer\" value=\"\/index.php\/wp-json\/wp\/v2\/pages\/1961\" \/><\/form><\/div> <!-- .visual-form-builder-container -->\n","protected":false},"excerpt":{"rendered":"<p>Activit\u00e9 : Notaire Nom :&nbsp;Etude de Ma\u00eetre LEPINE St\u00e9phanie Contact :&nbsp;Ma\u00eetre LEPINE St\u00e9phanie Adresse principale :&nbsp;Rue de La Lib\u00e9ration Code postal :&nbsp;44670 Ville :&nbsp;SAINT JULIEN DE VOUVANTES Fixe :&nbsp;02 40 55 50 06 Fax :&nbsp;02 40 55 53 77 Envoyer un mail \u00e0 Ma\u00eetre L\u00e9pine<span class=\"more-link\"><a href=\"https:\/\/stjuliendevouvantes.fr\/index.php\/etude-de-maitre-lepine-stephanie\/\">lire la suite &#8230;<\/a><\/span><\/p>\n","protected":false},"author":1,"featured_media":0,"parent":0,"menu_order":0,"comment_status":"closed","ping_status":"closed","template":"","meta":{"om_disable_all_campaigns":false,"_monsterinsights_skip_tracking":false,"_monsterinsights_sitenote_active":false,"_monsterinsights_sitenote_note":"","_monsterinsights_sitenote_category":0,"footnotes":""},"class_list":["entry","author-admin5401","post-1961","page","type-page","status-publish"],"aioseo_notices":[],"publishpress_future_action":{"enabled":false,"date":"2026-05-05 13:45:01","action":"change-status","newStatus":"draft","terms":[],"taxonomy":"","extraData":[]},"publishpress_future_workflow_manual_trigger":{"enabledWorkflows":[]},"_links":{"self":[{"href":"https:\/\/stjuliendevouvantes.fr\/index.php\/wp-json\/wp\/v2\/pages\/1961","targetHints":{"allow":["GET"]}}],"collection":[{"href":"https:\/\/stjuliendevouvantes.fr\/index.php\/wp-json\/wp\/v2\/pages"}],"about":[{"href":"https:\/\/stjuliendevouvantes.fr\/index.php\/wp-json\/wp\/v2\/types\/page"}],"author":[{"embeddable":true,"href":"https:\/\/stjuliendevouvantes.fr\/index.php\/wp-json\/wp\/v2\/users\/1"}],"replies":[{"embeddable":true,"href":"https:\/\/stjuliendevouvantes.fr\/index.php\/wp-json\/wp\/v2\/comments?post=1961"}],"version-history":[{"count":1,"href":"https:\/\/stjuliendevouvantes.fr\/index.php\/wp-json\/wp\/v2\/pages\/1961\/revisions"}],"predecessor-version":[{"id":3367,"href":"https:\/\/stjuliendevouvantes.fr\/index.php\/wp-json\/wp\/v2\/pages\/1961\/revisions\/3367"}],"wp:attachment":[{"href":"https:\/\/stjuliendevouvantes.fr\/index.php\/wp-json\/wp\/v2\/media?parent=1961"}],"curies":[{"name":"wp","href":"https:\/\/api.w.org\/{rel}","templated":true}]}}