{"id":1967,"date":"2020-10-16T14:33:56","date_gmt":"2020-10-16T14:33:56","guid":{"rendered":"http:\/\/mairie44670.epizy.com\/?page_id=1967"},"modified":"2026-04-27T10:45:52","modified_gmt":"2026-04-27T08:45:52","slug":"maison-dacceuil-saint-julien","status":"publish","type":"page","link":"https:\/\/stjuliendevouvantes.fr\/index.php\/maison-dacceuil-saint-julien\/","title":{"rendered":"Maison d&rsquo;Accueil St Julien"},"content":{"rendered":"\n<div class=\"wp-block-columns is-layout-flex wp-container-core-columns-is-layout-1 wp-block-columns-is-layout-flex\">\n<div class=\"wp-block-column is-layout-flow wp-block-column-is-layout-flow\"><div class=\"wp-block-image\">\n<figure class=\"aligncenter size-full\"><a href=\"https:\/\/www.maisondaccueilstjulien.fr\/\"><img decoding=\"async\" width=\"244\" height=\"151\" src=\"https:\/\/stjuliendevouvantes.fr\/wp-content\/uploads\/2026\/04\/ehpad.jpg\" alt=\"\" class=\"wp-image-7143\"\/><\/a><\/figure><\/div>\n\n\n<p class=\"has-text-align-center has-medium-font-size\"><strong>La maison d\u2019Accueil St Julien (EHPAD et Unit\u00e9 ALZHEIMER)<\/strong>   est situ\u00e9e \u00e0 14 kms de Ch\u00e2teaubriant et \u00e0 \u00e9gale distance (environ 65 kms) de Nantes, Angers, Laval et Rennes.<\/p>\n<\/div>\n\n\n\n<div class=\"wp-block-column is-layout-flow wp-block-column-is-layout-flow\">\n<h2 class=\"wp-block-heading has-text-align-center has-accent-color has-text-color has-link-color wp-elements-a4525fe422d15c1ea0bac375797a9a74\"><strong>Maison d\u2019Accueil St Julien<\/strong>, <\/h2>\n\n\n\n<p class=\"has-text-align-center has-medium-font-size\">7 rue des Rochettes<\/p>\n\n\n\n<p class=\"has-text-align-center has-medium-font-size\"> 44670 Saint Julien de Vouvantes<\/p>\n\n\n\n<p class=\"has-text-align-center has-medium-font-size\"><br>\u260e<strong>\u00a0:<\/strong>\u00a002 40 55 51 27<\/p>\n\n\n\n<p class=\"has-text-align-center has-medium-font-size\">&nbsp;<strong>Fax&nbsp;:<\/strong>&nbsp;02 40 55 41 58<\/p>\n\n\n\n<p class=\"has-text-align-center has-medium-font-size\"><em>\u00a0<\/em><br>\u2709 direction@maisondaccueilstjulien.fr<\/p>\n\n\n\n<p class=\"has-text-align-center has-medium-font-size\"><strong>Directrice&nbsp;:<\/strong> Mme MOQUET Blandin<\/p>\n<\/div>\n\n\n\n<div class=\"wp-block-column is-layout-flow wp-block-column-is-layout-flow\"><div class=\"wp-block-image\">\n<figure class=\"aligncenter size-full\"><a href=\"https:\/\/www.maisondaccueilstjulien.fr\/\"><img fetchpriority=\"high\" decoding=\"async\" width=\"1000\" height=\"750\" src=\"https:\/\/stjuliendevouvantes.fr\/wp-content\/uploads\/2026\/04\/ehpad-st-julien-vue01.jpg\" alt=\"\" class=\"wp-image-7144\" srcset=\"https:\/\/stjuliendevouvantes.fr\/wp-content\/uploads\/2026\/04\/ehpad-st-julien-vue01.jpg 1000w, https:\/\/stjuliendevouvantes.fr\/wp-content\/uploads\/2026\/04\/ehpad-st-julien-vue01-300x225.jpg 300w, https:\/\/stjuliendevouvantes.fr\/wp-content\/uploads\/2026\/04\/ehpad-st-julien-vue01-768x576.jpg 768w, https:\/\/stjuliendevouvantes.fr\/wp-content\/uploads\/2026\/04\/ehpad-st-julien-vue01-465x349.jpg 465w, https:\/\/stjuliendevouvantes.fr\/wp-content\/uploads\/2026\/04\/ehpad-st-julien-vue01-667x500.jpg 667w, https:\/\/stjuliendevouvantes.fr\/wp-content\/uploads\/2026\/04\/ehpad-st-julien-vue01-500x375.jpg 500w, https:\/\/stjuliendevouvantes.fr\/wp-content\/uploads\/2026\/04\/ehpad-st-julien-vue01-800x600.jpg 800w\" sizes=\"(max-width: 1000px) 100vw, 1000px\" \/><\/a><\/figure><\/div>\n\n\n<p class=\"has-text-align-center has-medium-font-size\"><a href=\"https:\/\/www.maisondaccueilstjulien.fr\/\" title=\"\">vers le site internet de la Maison d&rsquo;Accueil<\/a><\/p>\n<\/div>\n<\/div>\n\n\n\n<hr class=\"wp-block-separator has-css-opacity\"\/>\n\n\n\n<h5 class=\"wp-block-heading has-vivid-red-color has-text-color\">Envoyer un mail \u00e0 la Maison d&rsquo;Acceuil de St Julien<\/h5>\n\n\n<div id=\"vfb-form-18\" class=\"visual-form-builder-container\"><form id=\"maison-dacceuil-18\" class=\"visual-form-builder vfb-form-18 \" method=\"post\" enctype=\"multipart\/form-data\">\n\t  \t<input type=\"hidden\" name=\"form_id\" value=\"18\" \/><fieldset class=\"vfb-fieldset vfb-fieldset-1 contact \" id=\"item-vfb-154\"><div class=\"vfb-legend\"><h3>CONTACT<\/h3><\/div><ul class=\"vfb-section vfb-section-1\"><li class=\"vfb-item vfb-item-text   vfb-left-half\" id=\"item-vfb-158\"><label for=\"vfb-158\" class=\"vfb-desc\">NOM  <span class=\"vfb-required-asterisk\">*<\/span><\/label><input type=\"text\" name=\"vfb-158\" id=\"vfb-158\" value=\"\" class=\"vfb-text  vfb-medium  required  \" \/><\/li><li class=\"vfb-item vfb-item-text   vfb-right-half\" id=\"item-vfb-159\"><label for=\"vfb-159\" class=\"vfb-desc\">PRENOM  <span class=\"vfb-required-asterisk\">*<\/span><\/label><input type=\"text\" name=\"vfb-159\" id=\"vfb-159\" value=\"\" class=\"vfb-text  vfb-medium  required  \" \/><\/li><li class=\"vfb-item vfb-item-email  \" id=\"item-vfb-160\"><label for=\"vfb-160\" class=\"vfb-desc\">EMAIL  <span class=\"vfb-required-asterisk\">*<\/span><\/label><input type=\"email\" name=\"vfb-160\" id=\"vfb-160\" value=\"\" class=\"vfb-text  vfb-medium  required  email \" \/><\/li><li class=\"vfb-item vfb-item-text  \" id=\"item-vfb-162\"><label for=\"vfb-162\" class=\"vfb-desc\">SUJET  <span class=\"vfb-required-asterisk\">*<\/span><\/label><input type=\"text\" name=\"vfb-162\" id=\"vfb-162\" value=\"\" class=\"vfb-text  vfb-medium  required  \" \/><\/li><li class=\"vfb-item vfb-item-textarea  \" id=\"item-vfb-161\"><label for=\"vfb-161\" class=\"vfb-desc\">VOTRE MESSAGE  <span class=\"vfb-required-asterisk\">*<\/span><\/label><div><textarea name=\"vfb-161\" id=\"vfb-161\" class=\"vfb-textarea  vfb-medium  required \"><\/textarea><\/div><\/li><\/ul>&nbsp;<\/fieldset><fieldset class=\"vfb-fieldset vfb-fieldset-2 verification \" id=\"item-vfb-155\" style=\"display:block\"><div class=\"vfb-legend\"><h3>V\u00e9rification<\/h3><\/div><ul class=\"vfb-section vfb-section-2\"><li class=\"vfb-item vfb-item-secret\"  style=\"display:block\"><label for=\"vfb-156\" class=\"vfb-desc\">RENTRER SVP DEUX CHIFFRES <span class=\"vfb-required-asterisk\">*<\/span><\/label><input type=\"hidden\" name=\"_vfb-secret\" value=\"vfb-156\" \/><span class=\"vfb-span\"><input type=\"text\" name=\"vfb-156\" id=\"vfb-156\" value=\"\" class=\"vfb-text  vfb-medium  required {digits:true,maxlength:2,minlength:2} \" style=\"display:block\" \/><label>Exemple: 12<\/label><\/span><li style=\"display:none;\"><label>Cette bo\u00eete est pour la protection contre le spam - &lt;strong&gt;Veuillez laisser en blanc&lt;\/strong&gt;:<\/label><div><input name=\"vfb-spam\" \/><\/div><\/li>\n\t\t\t<li class=\"vfb-item vfb-item-submit\" id=\"item-vfb-157\">\n\t\t\t\t<input type=\"submit\" name=\"vfb-submit\" id=\"vfb-157\" value=\"ENVOYER\" class=\"vfb-submit \" \/>\n\t\t\t\t<\/li><\/ul>\n\t\t\t<\/fieldset><input type=\"hidden\" name=\"_wp_http_referer\" value=\"\/index.php\/wp-json\/wp\/v2\/pages\/1967\" \/><\/form><\/div> <!-- .visual-form-builder-container -->\n","protected":false},"excerpt":{"rendered":"<p>La maison d\u2019Accueil St Julien (EHPAD et Unit\u00e9 ALZHEIMER) est situ\u00e9e \u00e0 14 kms de Ch\u00e2teaubriant et \u00e0 \u00e9gale distance (environ 65 kms) de Nantes, Angers, Laval et Rennes. Maison d\u2019Accueil St Julien, 7 rue des Rochettes 44670 Saint Julien de Vouvantes \u260e\u00a0:\u00a002 40 55 51 27 &nbsp;Fax&nbsp;:&nbsp;02 40 55<span class=\"more-link\"><a href=\"https:\/\/stjuliendevouvantes.fr\/index.php\/maison-dacceuil-saint-julien\/\">lire la suite &#8230;<\/a><\/span><\/p>\n","protected":false},"author":1,"featured_media":988,"parent":0,"menu_order":0,"comment_status":"closed","ping_status":"closed","template":"","meta":{"om_disable_all_campaigns":false,"_monsterinsights_skip_tracking":false,"_monsterinsights_sitenote_active":false,"_monsterinsights_sitenote_note":"","_monsterinsights_sitenote_category":0,"footnotes":""},"class_list":["entry","author-admin5401","post-1967","page","type-page","status-publish","has-post-thumbnail"],"aioseo_notices":[],"publishpress_future_action":{"enabled":false,"date":"2026-05-07 05:18:02","action":"change-status","newStatus":"draft","terms":[],"taxonomy":"","extraData":[]},"publishpress_future_workflow_manual_trigger":{"enabledWorkflows":[]},"_links":{"self":[{"href":"https:\/\/stjuliendevouvantes.fr\/index.php\/wp-json\/wp\/v2\/pages\/1967","targetHints":{"allow":["GET"]}}],"collection":[{"href":"https:\/\/stjuliendevouvantes.fr\/index.php\/wp-json\/wp\/v2\/pages"}],"about":[{"href":"https:\/\/stjuliendevouvantes.fr\/index.php\/wp-json\/wp\/v2\/types\/page"}],"author":[{"embeddable":true,"href":"https:\/\/stjuliendevouvantes.fr\/index.php\/wp-json\/wp\/v2\/users\/1"}],"replies":[{"embeddable":true,"href":"https:\/\/stjuliendevouvantes.fr\/index.php\/wp-json\/wp\/v2\/comments?post=1967"}],"version-history":[{"count":6,"href":"https:\/\/stjuliendevouvantes.fr\/index.php\/wp-json\/wp\/v2\/pages\/1967\/revisions"}],"predecessor-version":[{"id":7147,"href":"https:\/\/stjuliendevouvantes.fr\/index.php\/wp-json\/wp\/v2\/pages\/1967\/revisions\/7147"}],"wp:featuredmedia":[{"embeddable":true,"href":"https:\/\/stjuliendevouvantes.fr\/index.php\/wp-json\/"}],"wp:attachment":[{"href":"https:\/\/stjuliendevouvantes.fr\/index.php\/wp-json\/wp\/v2\/media?parent=1967"}],"curies":[{"name":"wp","href":"https:\/\/api.w.org\/{rel}","templated":true}]}}