{"id":1969,"date":"2020-10-16T14:35:31","date_gmt":"2020-10-16T14:35:31","guid":{"rendered":"http:\/\/mairie44670.epizy.com\/?page_id=1969"},"modified":"2025-06-24T21:00:17","modified_gmt":"2025-06-24T19:00:17","slug":"pascal-bodenes","status":"publish","type":"page","link":"https:\/\/stjuliendevouvantes.fr\/index.php\/pascal-bodenes\/","title":{"rendered":"PASCAL BODENES  (Infirmier)"},"content":{"rendered":"<div class=\"champ contenu_activite\"><label><strong>Activit\u00e9 :<\/strong> <\/label><span class=\"activite\" dir=\"ltr\">Infirmier \u00e0 domicile<\/span><\/div>\n<div class=\"champ contenu_nom\"><label><strong>Nom :<\/strong>&nbsp;<\/label><span class=\"nom\" dir=\"ltr\">Pascal BODENES<\/span><\/div>\n<div class=\"champ contenu_contact\"><label><strong>Contact :<\/strong>&nbsp;<\/label><span class=\"contact\" dir=\"ltr\">Pascal BODENES<\/span><\/div>\n<div class=\"champ contenu_adresse1\"><label><strong>Adresse principale :<\/strong>&nbsp;<\/label><span class=\"adresse1\" dir=\"ltr\">39 rue de la Lib\u00e9ration<\/span><\/div>\n<div class=\"champ contenu_cp\"><label><strong>Code postal :<\/strong>&nbsp;<\/label><span class=\"cp\" dir=\"ltr\">44670<\/span><\/div>\n<div class=\"champ contenu_ville\"><strong><label>Ville :&nbsp;<\/label><\/strong><span class=\"ville\" dir=\"ltr\">Saint Julien de Vouvantes<\/span><\/div>\n<div class=\"champ contenu_fixe\"><label><strong>Fixe :<\/strong>&nbsp;<\/label><span class=\"fixe\" dir=\"ltr\">02 40 55 48 15<\/span><\/div>\n","protected":false},"excerpt":{"rendered":"<p>Activit\u00e9 : Infirmier \u00e0 domicile Nom :&nbsp;Pascal BODENES Contact :&nbsp;Pascal BODENES Adresse principale :&nbsp;39 rue de la Lib\u00e9ration Code postal :&nbsp;44670 Ville :&nbsp;Saint Julien de Vouvantes Fixe :&nbsp;02 40 55 48 15<span class=\"more-link\"><a href=\"https:\/\/stjuliendevouvantes.fr\/index.php\/pascal-bodenes\/\">lire la suite &#8230;<\/a><\/span><\/p>\n","protected":false},"author":1,"featured_media":0,"parent":0,"menu_order":0,"comment_status":"closed","ping_status":"closed","template":"","meta":{"om_disable_all_campaigns":false,"_monsterinsights_skip_tracking":false,"_monsterinsights_sitenote_active":false,"_monsterinsights_sitenote_note":"","_monsterinsights_sitenote_category":0,"footnotes":""},"class_list":["entry","author-admin5401","post-1969","page","type-page","status-publish"],"aioseo_notices":[],"publishpress_future_action":{"enabled":false,"date":"2026-04-21 23:37:22","action":"change-status","newStatus":"draft","terms":[],"taxonomy":"","extraData":[]},"publishpress_future_workflow_manual_trigger":{"enabledWorkflows":[]},"_links":{"self":[{"href":"https:\/\/stjuliendevouvantes.fr\/index.php\/wp-json\/wp\/v2\/pages\/1969","targetHints":{"allow":["GET"]}}],"collection":[{"href":"https:\/\/stjuliendevouvantes.fr\/index.php\/wp-json\/wp\/v2\/pages"}],"about":[{"href":"https:\/\/stjuliendevouvantes.fr\/index.php\/wp-json\/wp\/v2\/types\/page"}],"author":[{"embeddable":true,"href":"https:\/\/stjuliendevouvantes.fr\/index.php\/wp-json\/wp\/v2\/users\/1"}],"replies":[{"embeddable":true,"href":"https:\/\/stjuliendevouvantes.fr\/index.php\/wp-json\/wp\/v2\/comments?post=1969"}],"version-history":[{"count":2,"href":"https:\/\/stjuliendevouvantes.fr\/index.php\/wp-json\/wp\/v2\/pages\/1969\/revisions"}],"predecessor-version":[{"id":5856,"href":"https:\/\/stjuliendevouvantes.fr\/index.php\/wp-json\/wp\/v2\/pages\/1969\/revisions\/5856"}],"wp:attachment":[{"href":"https:\/\/stjuliendevouvantes.fr\/index.php\/wp-json\/wp\/v2\/media?parent=1969"}],"curies":[{"name":"wp","href":"https:\/\/api.w.org\/{rel}","templated":true}]}}