{"id":1983,"date":"2020-10-16T19:24:56","date_gmt":"2020-10-16T19:24:56","guid":{"rendered":"http:\/\/mairie44670.epizy.com\/?page_id=1983"},"modified":"2026-04-11T15:35:36","modified_gmt":"2026-04-11T13:35:36","slug":"presentation-de-la-commune","status":"publish","type":"page","link":"https:\/\/stjuliendevouvantes.fr\/index.php\/presentation-de-la-commune\/","title":{"rendered":"PRESENTATION DE LA COMMUNE"},"content":{"rendered":"\n<figure class=\"wp-block-video\"><video controls src=\"https:\/\/stjuliendevouvantes.fr\/wp-content\/uploads\/2025\/08\/Saint-Julien-de-Vouvantes-version-courte.mp4\"><\/video><\/figure>\n\n\n<p><strong>Saint Julien de Vouvantes<\/strong>\u00a0se trouve au Sud-Ouest des Pays de la Loire, dans le d\u00e9partement de la Loire-Atlantique (44). Situ\u00e9 \u00e0 la p\u00e9riph\u00e9rie Sud-Est de l\u2019agglom\u00e9ration de\u00a0Ch\u00e2teaubriant\u00a0qui est le chef lieu de canton. La commune s\u2019ins\u00e8re finalement au coeur de la Communaut\u00e9 de Communes Ch\u00e2teaubriant &#8211; Derval compos\u00e9e de 26 communes.<\/p>\n<p>La commune \u00e9tant de grande superficie\u00a0: 25,60 km<sup>2<\/sup>, elle contient plusieurs villages et lieux-dits.<br class=\"autobr\" \/>Elle compte alors 927 habitants recens\u00e9s en 2008.<\/p>\n<p>Saint Julien de Vouvantes\u00a0comprend un certain nombre de\u00a0<strong>monuments anciens\u00a0<\/strong>tels que l\u2019\u00e9glise Saint-Julien, la Maison des Trois Rois, le Manoir de la Briais, la Chapelle Sainte-Anne et le Lavoir avec son bassin de schiste.<\/p>\n<p>Le\u00a0<strong>Sentier des Fontaines<\/strong>\u00a0permet de d\u00e9couvrir\u00a0Saint Julien de Vouvantes\u00a0en marchant. Un circuit balis\u00e9 de 3,5 km (4,7 km variante) vous emmenera \u00e0 la d\u00e9couverte des diff\u00e9rentes richesses patrimoniales cit\u00e9es ci-dessus.<\/p>\n<p><strong>L\u2019Etang Au-del\u00e0 l\u2019Eau<\/strong> est appr\u00e9ci\u00e9 des promeneurs et des p\u00e9cheurs. On y trouve une aire de pique-nique compos\u00e9e de tables et bancs en bois.<\/p>\n\n<div class=\"wp-block-image\">\n<figure class=\"aligncenter size-large\"><img fetchpriority=\"high\" decoding=\"async\" width=\"500\" height=\"380\" src=\"https:\/\/stjuliendevouvantes.fr\/wp-content\/uploads\/2020\/11\/Etang_1-cf2bd-500x380-1.jpg\" alt=\"\" class=\"wp-image-2562\" srcset=\"https:\/\/stjuliendevouvantes.fr\/wp-content\/uploads\/2020\/11\/Etang_1-cf2bd-500x380-1.jpg 500w, https:\/\/stjuliendevouvantes.fr\/wp-content\/uploads\/2020\/11\/Etang_1-cf2bd-500x380-1-300x228.jpg 300w, https:\/\/stjuliendevouvantes.fr\/wp-content\/uploads\/2020\/11\/Etang_1-cf2bd-500x380-1-465x353.jpg 465w\" sizes=\"(max-width: 500px) 100vw, 500px\" \/><figcaption class=\"wp-element-caption\">L&rsquo;Etang d&rsquo;Eau Dela l&rsquo;Eau<\/figcaption><\/figure><\/div>\n\n<div class=\"wp-block-image\">\n<figure class=\"aligncenter size-large\"><img decoding=\"async\" width=\"489\" height=\"360\" src=\"https:\/\/stjuliendevouvantes.fr\/wp-content\/uploads\/2020\/11\/Un_air_de_pique-nique-02c74.jpg\" alt=\"\" class=\"wp-image-2563\" srcset=\"https:\/\/stjuliendevouvantes.fr\/wp-content\/uploads\/2020\/11\/Un_air_de_pique-nique-02c74.jpg 489w, https:\/\/stjuliendevouvantes.fr\/wp-content\/uploads\/2020\/11\/Un_air_de_pique-nique-02c74-300x221.jpg 300w, https:\/\/stjuliendevouvantes.fr\/wp-content\/uploads\/2020\/11\/Un_air_de_pique-nique-02c74-465x342.jpg 465w\" sizes=\"(max-width: 489px) 100vw, 489px\" \/><figcaption class=\"wp-element-caption\">Aire de Pique Nique<\/figcaption><\/figure><\/div>\n\n\n<h4 class=\"wp-block-heading has-text-align-center\"><span class=\"has-inline-color has-vivid-cyan-blue-color\">LES SALLES COMMUNALES<\/span><\/h4>\n\n\n<div class=\"wp-block-image\">\n<figure class=\"aligncenter size-large\"><img decoding=\"async\" width=\"339\" height=\"203\" src=\"https:\/\/stjuliendevouvantes.fr\/wp-content\/uploads\/2020\/11\/Nouvelle_image-bcaf6.jpg\" alt=\"\" class=\"wp-image-2564\" srcset=\"https:\/\/stjuliendevouvantes.fr\/wp-content\/uploads\/2020\/11\/Nouvelle_image-bcaf6.jpg 339w, https:\/\/stjuliendevouvantes.fr\/wp-content\/uploads\/2020\/11\/Nouvelle_image-bcaf6-300x180.jpg 300w\" sizes=\"(max-width: 339px) 100vw, 339px\" \/><\/figure><\/div>\n\n<div class=\"wp-block-image\">\n<figure class=\"aligncenter size-large\"><img loading=\"lazy\" decoding=\"async\" width=\"340\" height=\"200\" src=\"https:\/\/stjuliendevouvantes.fr\/wp-content\/uploads\/2020\/11\/Foyer_Rural-495d4.jpg\" alt=\"\" class=\"wp-image-2565\" srcset=\"https:\/\/stjuliendevouvantes.fr\/wp-content\/uploads\/2020\/11\/Foyer_Rural-495d4.jpg 340w, https:\/\/stjuliendevouvantes.fr\/wp-content\/uploads\/2020\/11\/Foyer_Rural-495d4-300x176.jpg 300w\" sizes=\"(max-width: 340px) 100vw, 340px\" \/><\/figure><\/div>\n\n<div class=\"wp-block-image\">\n<figure class=\"aligncenter size-large\"><img loading=\"lazy\" decoding=\"async\" width=\"336\" height=\"245\" src=\"https:\/\/stjuliendevouvantes.fr\/wp-content\/uploads\/2020\/11\/Maison_des_associations-f0380.jpg\" alt=\"\" class=\"wp-image-2566\" srcset=\"https:\/\/stjuliendevouvantes.fr\/wp-content\/uploads\/2020\/11\/Maison_des_associations-f0380.jpg 336w, https:\/\/stjuliendevouvantes.fr\/wp-content\/uploads\/2020\/11\/Maison_des_associations-f0380-300x219.jpg 300w\" sizes=\"(max-width: 336px) 100vw, 336px\" \/><\/figure><\/div>\n\n<div class=\"wp-block-image\">\n<figure class=\"aligncenter size-large\"><img loading=\"lazy\" decoding=\"async\" width=\"500\" height=\"318\" src=\"https:\/\/stjuliendevouvantes.fr\/wp-content\/uploads\/2020\/11\/salle_intercommunale-17f6b.jpg\" alt=\"\" class=\"wp-image-2567\" srcset=\"https:\/\/stjuliendevouvantes.fr\/wp-content\/uploads\/2020\/11\/salle_intercommunale-17f6b.jpg 500w, https:\/\/stjuliendevouvantes.fr\/wp-content\/uploads\/2020\/11\/salle_intercommunale-17f6b-300x191.jpg 300w, https:\/\/stjuliendevouvantes.fr\/wp-content\/uploads\/2020\/11\/salle_intercommunale-17f6b-465x296.jpg 465w\" sizes=\"(max-width: 500px) 100vw, 500px\" \/><\/figure><\/div>\n\n<p style=\"text-align: center;\">Une&nbsp;<strong>aire de jeux<\/strong> est install\u00e9e \u00e0 proximit\u00e9 de la Salle Culturelle et du lotissement \u00ab&nbsp;Les Jardins&nbsp;\u00bb.<\/p>\n\n<div class=\"wp-block-image\">\n<figure class=\"aligncenter size-large\"><img loading=\"lazy\" decoding=\"async\" width=\"300\" height=\"173\" src=\"https:\/\/stjuliendevouvantes.fr\/wp-content\/uploads\/2020\/11\/p1040704-2-e28ff-300x173-1.jpg\" alt=\"\" class=\"wp-image-2568\"\/><\/figure><\/div>\n\n<div class=\"wp-block-image\">\n<figure class=\"aligncenter size-large\"><img loading=\"lazy\" decoding=\"async\" width=\"300\" height=\"157\" src=\"https:\/\/stjuliendevouvantes.fr\/wp-content\/uploads\/2020\/11\/p1040702-2ecc6-300x157-1.jpg\" alt=\"\" class=\"wp-image-2569\"\/><\/figure><\/div>","protected":false},"excerpt":{"rendered":"<p>Saint Julien de Vouvantes\u00a0se trouve au Sud-Ouest des Pays de la Loire, dans le d\u00e9partement de la Loire-Atlantique (44). Situ\u00e9 \u00e0 la p\u00e9riph\u00e9rie Sud-Est de l\u2019agglom\u00e9ration de\u00a0Ch\u00e2teaubriant\u00a0qui est le chef lieu de canton. La commune s\u2019ins\u00e8re finalement au coeur de la Communaut\u00e9 de Communes Ch\u00e2teaubriant &#8211; Derval compos\u00e9e de 26<span class=\"more-link\"><a href=\"https:\/\/stjuliendevouvantes.fr\/index.php\/presentation-de-la-commune\/\">lire la suite &#8230;<\/a><\/span><\/p>\n","protected":false},"author":1,"featured_media":0,"parent":0,"menu_order":0,"comment_status":"closed","ping_status":"closed","template":"","meta":{"om_disable_all_campaigns":false,"_monsterinsights_skip_tracking":false,"_monsterinsights_sitenote_active":false,"_monsterinsights_sitenote_note":"","_monsterinsights_sitenote_category":0,"footnotes":""},"class_list":["entry","author-admin5401","post-1983","page","type-page","status-publish"],"aioseo_notices":[],"publishpress_future_action":{"enabled":false,"date":"2026-05-06 20:49:00","action":"change-status","newStatus":"draft","terms":[],"taxonomy":"","extraData":[]},"publishpress_future_workflow_manual_trigger":{"enabledWorkflows":[]},"_links":{"self":[{"href":"https:\/\/stjuliendevouvantes.fr\/index.php\/wp-json\/wp\/v2\/pages\/1983","targetHints":{"allow":["GET"]}}],"collection":[{"href":"https:\/\/stjuliendevouvantes.fr\/index.php\/wp-json\/wp\/v2\/pages"}],"about":[{"href":"https:\/\/stjuliendevouvantes.fr\/index.php\/wp-json\/wp\/v2\/types\/page"}],"author":[{"embeddable":true,"href":"https:\/\/stjuliendevouvantes.fr\/index.php\/wp-json\/wp\/v2\/users\/1"}],"replies":[{"embeddable":true,"href":"https:\/\/stjuliendevouvantes.fr\/index.php\/wp-json\/wp\/v2\/comments?post=1983"}],"version-history":[{"count":15,"href":"https:\/\/stjuliendevouvantes.fr\/index.php\/wp-json\/wp\/v2\/pages\/1983\/revisions"}],"predecessor-version":[{"id":6750,"href":"https:\/\/stjuliendevouvantes.fr\/index.php\/wp-json\/wp\/v2\/pages\/1983\/revisions\/6750"}],"wp:attachment":[{"href":"https:\/\/stjuliendevouvantes.fr\/index.php\/wp-json\/wp\/v2\/media?parent=1983"}],"curies":[{"name":"wp","href":"https:\/\/api.w.org\/{rel}","templated":true}]}}