{"id":2045,"date":"2020-10-17T09:25:14","date_gmt":"2020-10-17T09:25:14","guid":{"rendered":"http:\/\/mairie44670.epizy.com\/?page_id=2045"},"modified":"2021-02-21T16:16:40","modified_gmt":"2021-02-21T15:16:40","slug":"cybermalveillance","status":"publish","type":"page","link":"https:\/\/stjuliendevouvantes.fr\/index.php\/cybermalveillance\/","title":{"rendered":"CYBERMALVEILLANCE"},"content":{"rendered":"\n<div class=\"wp-block-image\"><figure class=\"aligncenter size-large\"><img decoding=\"async\" width=\"577\" height=\"80\" src=\"https:\/\/stjuliendevouvantes.fr\/wp-content\/uploads\/2020\/11\/banniere-cybermalveillance.jpg\" alt=\"\" class=\"wp-image-2436\" srcset=\"https:\/\/stjuliendevouvantes.fr\/wp-content\/uploads\/2020\/11\/banniere-cybermalveillance.jpg 577w, https:\/\/stjuliendevouvantes.fr\/wp-content\/uploads\/2020\/11\/banniere-cybermalveillance-300x42.jpg 300w, https:\/\/stjuliendevouvantes.fr\/wp-content\/uploads\/2020\/11\/banniere-cybermalveillance-465x64.jpg 465w\" sizes=\"(max-width: 577px) 100vw, 577px\" \/><\/figure><\/div>\n\n\n<p>Dispositif d\u2019assistance et de pr\u00e9vention du risque num\u00e9rique.<br class=\"autobr\">Ce programme gouvernemental a un r\u00f4le de sensibilisation, de pr\u00e9vention et de soutien en mati\u00e8re de s\u00e9curit\u00e9 du num\u00e9rique aupr\u00e8s des particuliers, des entreprises et des collectivit\u00e9s territoriales.<\/p>\n\n\n<div class=\"wp-block-buttons aligncenter is-layout-flex wp-block-buttons-is-layout-flex\">\n<div class=\"wp-block-button\"><a class=\"wp-block-button__link has-very-light-gray-color has-vivid-red-background-color has-text-color has-background\" href=\"https:\/\/www.cybermalveillance.gouv.fr\/\" target=\"_blank\" rel=\"noreferrer noopener\">SITE CYBERMALVEILLANCE DU GOUVERNEMENT<\/a><\/div>\n<\/div>\n\n\n\n<p><\/p>\n","protected":false},"excerpt":{"rendered":"<p>Dispositif d\u2019assistance et de pr\u00e9vention du risque num\u00e9rique.Ce programme gouvernemental a un r\u00f4le de sensibilisation, de pr\u00e9vention et de soutien en mati\u00e8re de s\u00e9curit\u00e9 du num\u00e9rique aupr\u00e8s des particuliers, des entreprises et des collectivit\u00e9s territoriales.<span class=\"more-link\"><a href=\"https:\/\/stjuliendevouvantes.fr\/index.php\/cybermalveillance\/\">lire la suite &#8230;<\/a><\/span><\/p>\n","protected":false},"author":1,"featured_media":0,"parent":0,"menu_order":0,"comment_status":"closed","ping_status":"closed","template":"","meta":{"om_disable_all_campaigns":false,"_monsterinsights_skip_tracking":false,"_monsterinsights_sitenote_active":false,"_monsterinsights_sitenote_note":"","_monsterinsights_sitenote_category":0,"footnotes":""},"class_list":["entry","author-admin5401","post-2045","page","type-page","status-publish"],"aioseo_notices":[],"publishpress_future_action":{"enabled":false,"date":"2026-04-20 02:24:33","action":"change-status","newStatus":"draft","terms":[],"taxonomy":"","extraData":[]},"publishpress_future_workflow_manual_trigger":{"enabledWorkflows":[]},"_links":{"self":[{"href":"https:\/\/stjuliendevouvantes.fr\/index.php\/wp-json\/wp\/v2\/pages\/2045","targetHints":{"allow":["GET"]}}],"collection":[{"href":"https:\/\/stjuliendevouvantes.fr\/index.php\/wp-json\/wp\/v2\/pages"}],"about":[{"href":"https:\/\/stjuliendevouvantes.fr\/index.php\/wp-json\/wp\/v2\/types\/page"}],"author":[{"embeddable":true,"href":"https:\/\/stjuliendevouvantes.fr\/index.php\/wp-json\/wp\/v2\/users\/1"}],"replies":[{"embeddable":true,"href":"https:\/\/stjuliendevouvantes.fr\/index.php\/wp-json\/wp\/v2\/comments?post=2045"}],"version-history":[{"count":2,"href":"https:\/\/stjuliendevouvantes.fr\/index.php\/wp-json\/wp\/v2\/pages\/2045\/revisions"}],"predecessor-version":[{"id":3437,"href":"https:\/\/stjuliendevouvantes.fr\/index.php\/wp-json\/wp\/v2\/pages\/2045\/revisions\/3437"}],"wp:attachment":[{"href":"https:\/\/stjuliendevouvantes.fr\/index.php\/wp-json\/wp\/v2\/media?parent=2045"}],"curies":[{"name":"wp","href":"https:\/\/api.w.org\/{rel}","templated":true}]}}