{"id":2741,"date":"2020-11-29T17:56:20","date_gmt":"2020-11-29T17:56:20","guid":{"rendered":"http:\/\/mairiestjulien.atspace.eu\/?page_id=2741"},"modified":"2022-04-12T12:37:34","modified_gmt":"2022-04-12T10:37:34","slug":"accessibilite","status":"publish","type":"page","link":"https:\/\/stjuliendevouvantes.fr\/index.php\/accessibilite\/","title":{"rendered":"ACCESSIBILIT\u00c9"},"content":{"rendered":"\n<h4 class=\"has-text-align-center wp-block-heading\"><span class=\"has-inline-color has-vivid-red-color\">L&rsquo;accessibilit\u00e9 du site de la Mairie <\/span><\/h4>\n\n\n\n<h4 class=\"has-text-align-center wp-block-heading\"><span class=\"has-inline-color has-vivid-red-color\">de St Julien de Vouvantes<\/span><\/h4>\n\n\n<div id=\"page_content\">\n<div id=\"accessibility\">\n<h2 class=\"titre2 couleur_police\"><span style=\"color: #0000ff;\">Logo<\/span><\/h2>\n<div class=\"content\">Un clic sur le logo, situ\u00e9 en haut \u00e0 gauche du site, permet de revenir \u00e0 la page d&rsquo;accueil du site.<\/div>\n<h2 class=\"titre2 couleur_police\"><span style=\"color: #0000ff;\">Fil d&rsquo;Ariane<\/span><\/h2>\n<div class=\"content\">Le fil d&rsquo;Ariane est une aide \u00e0 la navigation qui permet de se rep\u00e9rer et de naviguer facilement dans le site. Vous visualisez ainsi o\u00f9 vous \u00eates et pouvez \u00e0 tout moment revenir en arri\u00e8re. Il est situ\u00e9 sous le menu principal, en haut de la page \u00e0 gauche et se pr\u00e9sente sous la forme :\n<div class=\"breadcrumb\">Accueil &gt; Th\u00e9matique principale &gt; Rubrique (&gt; Sous-rubrique, etc.) &gt; Page consult\u00e9e<\/div>\n<\/div>\n<h2 class=\"titre2 couleur_police\"><span style=\"color: #0000ff;\">Plan du site<\/span><\/h2>\n<div class=\"content\">Le plan du site est accessible \u00e0 partir de toutes les pages du site dans le pied de page. Celui-ci regroupe toutes les rubriques de niveau 1.\n<p>En outre, la rubrique \u00ab\u00a0Plan du site\u00a0\u00bb <a href=\"https:\/\/stjuliendevouvantes.fr\/index.php\/plan-du-site\/\">(cliquez ici pour y acc\u00e9der)<\/a> vous d\u00e9taille toute l&rsquo;arborescence du site.<\/p>\n<\/div>\n<h2 class=\"titre2 couleur_police\"><span style=\"color: #0000ff;\">Moteur de recherche<\/span><\/h2>\n<div class=\"content\">Le moteur de recherche est accessible \u00e0 partir de toutes les pages du site au dessus du menu de navigation (en haut \u00e0 droite). Les r\u00e9sultats pr\u00e9sent\u00e9s sont tri\u00e9s par ordre de pertinence selon le mot-cl\u00e9 saisi.<\/div>\n<h2 class=\"titre2 couleur_police\"><span style=\"color: #0000ff;\">Liens d&rsquo;\u00e9vitement<\/span><\/h2>\n<div class=\"content\">Deux liens en haut de chaque page vous permettent :\n<p><span class=\"indent\">&#8211; d&rsquo;aller directement au menu<\/span><br \/><span class=\"indent\">&#8211; d&rsquo;aller directement au contenu<\/span><\/p>\n<\/div>\n<h2 class=\"titre2 couleur_police\"><span style=\"color: #0000ff;\">Taille des textes<\/span><\/h2>\n<div class=\"content\">Une taille par d\u00e9faut est d\u00e9finie pour chaque \u00e9l\u00e9ment textuel du site. Le visiteur a la possibilit\u00e9 de l&rsquo;ajuster soit \u00e0 partir de la barre d\u2019outil du site (A+ \/ A-), soit \u00e0 partir de la fonction d\u00e9di\u00e9e du navigateur :\n<p><span class=\"indent\">Microsoft Internet Explorer : Menu \u00ab\u00a0Affichage\u00a0\u00bb, puis \u00ab\u00a0Taille du Texte\u00a0\u00bb<\/span><br \/><span class=\"indent\">Firefox 2.0 et sup\u00e9rieur : Menu \u00ab\u00a0Afficher\u00a0\u00bb, puis \u00ab\u00a0Zoom texte\u00a0\u00bb<\/span><br \/><span class=\"indent\">Google Chrome : \u00ab\u00a0Personnaliser et configurer Google Chrome\u00a0\u00bb, Menu \u00ab\u00a0Param\u00e8tres\u00a0\u00bb, \u00ab\u00a0Afficher les param\u00e8tres avanc\u00e9s\u00a0\u00bb, \u00ab\u00a0Contenu web\u00a0\u00bb<\/span><\/p>\n<\/div>\n<h2 class=\"titre2 couleur_police\"><span style=\"color: #0000ff;\">Conformit\u00e9 avec les standards du web<\/span><\/h2>\n<div class=\"content\">Ce site se conforme au plus proche des standards web suivants :\n<p><span class=\"indent\">le code HTML est conforme \u00e0 la sp\u00e9cification XHTML 1.0 Strict. Il est test\u00e9 \u00e0 l&rsquo;aide du validateur HTML du W3C.<\/span><br \/><span class=\"indent\">le code CSS est conforme \u00e0 la sp\u00e9cification CSS niveau 3. Il est test\u00e9 \u00e0 l&rsquo;aide du validateur CSS du W3C.<\/span><\/p>\n<\/div>\n<h2 class=\"titre2 couleur_police\"><span style=\"color: #0000ff;\">R\u00e9f\u00e9rentiel g\u00e9n\u00e9ral d&rsquo;accessibilit\u00e9 pour les administrations (RGAA)<\/span><\/h2>\n<div class=\"content\">L&rsquo;article 47 de la loi n\u00b0 2005-102 du 11 f\u00e9vrier 2005 pour l\u2019\u00e9galit\u00e9 des droits et des chances, la participation et la citoyennet\u00e9 des personnes handicap\u00e9es, fait de l\u2019accessibilit\u00e9 num\u00e9rique une exigence pour l&rsquo;ensemble des services en ligne des administrations.\n<p>Le R\u00e9f\u00e9rentiel g\u00e9n\u00e9ral d&rsquo;accessibilit\u00e9 pour les administrations (RGAA) a pour objectif de favoriser l\u2019accessibilit\u00e9 des contenus diffus\u00e9s sous forme num\u00e9rique.<\/p>\n<p>Pour toute remarque \u00e0 ce sujet, n&rsquo;h\u00e9sitez pas \u00e0 contacter la Mairie <a href=\"https:\/\/stjuliendevouvantes.fr\/index.php\/contact\/\">(cliquez ici pour acc\u00e9der au formulaire de contact)<\/a><\/p>\n<\/div>\n<\/div>\n<\/div>","protected":false},"excerpt":{"rendered":"<p>L&rsquo;accessibilit\u00e9 du site de la Mairie de St Julien de Vouvantes Logo Un clic sur le logo, situ\u00e9 en haut \u00e0 gauche du site, permet de revenir \u00e0 la page d&rsquo;accueil du site. Fil d&rsquo;Ariane Le fil d&rsquo;Ariane est une aide \u00e0 la navigation qui permet de se rep\u00e9rer et<span class=\"more-link\"><a href=\"https:\/\/stjuliendevouvantes.fr\/index.php\/accessibilite\/\">lire la suite &#8230;<\/a><\/span><\/p>\n","protected":false},"author":1,"featured_media":0,"parent":0,"menu_order":0,"comment_status":"closed","ping_status":"closed","template":"","meta":{"om_disable_all_campaigns":false,"_monsterinsights_skip_tracking":false,"_monsterinsights_sitenote_active":false,"_monsterinsights_sitenote_note":"","_monsterinsights_sitenote_category":0,"footnotes":""},"class_list":["entry","author-admin5401","post-2741","page","type-page","status-publish"],"aioseo_notices":[],"publishpress_future_action":{"enabled":false,"date":"2026-05-04 02:55:13","action":"change-status","newStatus":"draft","terms":[],"taxonomy":"","extraData":[]},"publishpress_future_workflow_manual_trigger":{"enabledWorkflows":[]},"_links":{"self":[{"href":"https:\/\/stjuliendevouvantes.fr\/index.php\/wp-json\/wp\/v2\/pages\/2741","targetHints":{"allow":["GET"]}}],"collection":[{"href":"https:\/\/stjuliendevouvantes.fr\/index.php\/wp-json\/wp\/v2\/pages"}],"about":[{"href":"https:\/\/stjuliendevouvantes.fr\/index.php\/wp-json\/wp\/v2\/types\/page"}],"author":[{"embeddable":true,"href":"https:\/\/stjuliendevouvantes.fr\/index.php\/wp-json\/wp\/v2\/users\/1"}],"replies":[{"embeddable":true,"href":"https:\/\/stjuliendevouvantes.fr\/index.php\/wp-json\/wp\/v2\/comments?post=2741"}],"version-history":[{"count":6,"href":"https:\/\/stjuliendevouvantes.fr\/index.php\/wp-json\/wp\/v2\/pages\/2741\/revisions"}],"predecessor-version":[{"id":4453,"href":"https:\/\/stjuliendevouvantes.fr\/index.php\/wp-json\/wp\/v2\/pages\/2741\/revisions\/4453"}],"wp:attachment":[{"href":"https:\/\/stjuliendevouvantes.fr\/index.php\/wp-json\/wp\/v2\/media?parent=2741"}],"curies":[{"name":"wp","href":"https:\/\/api.w.org\/{rel}","templated":true}]}}