{"id":3302,"date":"2021-01-17T10:10:56","date_gmt":"2021-01-17T09:10:56","guid":{"rendered":"http:\/\/nubjccg.cluster030.hosting.ovh.net\/?page_id=3302"},"modified":"2021-08-12T10:14:47","modified_gmt":"2021-08-12T08:14:47","slug":"animation-sportive-departementale","status":"publish","type":"page","link":"https:\/\/stjuliendevouvantes.fr\/index.php\/animation-sportive-departementale\/","title":{"rendered":"ANIMATION SPORTIVE DEPARTEMENTALE"},"content":{"rendered":"<div><strong>Nom :<\/strong> Animation Sportive D\u00e9partementale<\/div>\n<div class=\"champ contenu_adresse1\"><strong><label>Adresse principale :\u00a0<\/label><\/strong><span class=\"adresse1\" dir=\"ltr\">10 Bat B Rue d4ancenies<\/span><\/div>\n<div class=\"champ contenu_cp\"><label><strong>Code postal :<\/strong>\u00a0<\/label><span class=\"cp\" dir=\"ltr\">44110<\/span><\/div>\n<div class=\"champ contenu_ville\"><label><strong>Ville :<\/strong>\u00a0<\/label><span class=\"ville\" dir=\"ltr\">CHATEAUBRIANT<\/span><\/div>\n<div class=\"champ contenu_fixe\"><label><strong>Portable :<\/strong>\u00a0<\/label><span class=\"fixe\" dir=\"ltr\">06 86 45 82 93<\/span><\/div>\n<div><strong>Mail<\/strong> : ael.derval@loire-atlantique.fr<\/div>\n<div class=\"champ contenu_texte\"><label><strong>Description<\/strong> :<\/label><\/div>\n<div class=\"champ contenu_texte\">Le conseil d\u00e9partemental missionne des \u00e9ducateurs sportifs pour intervenir sur les communes rurales du d\u00e9partement. Des cours de multisports sont propos\u00e9s toute l&rsquo;ann\u00e9e scolaire et des stages sportifs sont \u00e9galement organis\u00e9s durant les vacances scolaires. Cette offre est destin\u00e9e au enfants scolaris\u00e9s du CE1 \u00e0 la 3\u00e8me.<\/div>\n","protected":false},"excerpt":{"rendered":"<p>Nom : Animation Sportive D\u00e9partementale Adresse principale :\u00a010 Bat B Rue d4ancenies Code postal :\u00a044110 Ville :\u00a0CHATEAUBRIANT Portable :\u00a006 86 45 82 93 Mail : ael.derval@loire-atlantique.fr Description : Le conseil d\u00e9partemental missionne des \u00e9ducateurs sportifs pour intervenir sur les communes rurales du d\u00e9partement. Des cours de multisports sont propos\u00e9s toute<span class=\"more-link\"><a href=\"https:\/\/stjuliendevouvantes.fr\/index.php\/animation-sportive-departementale\/\">Read More &rarr;<\/a><\/span><\/p>\n","protected":false},"author":1,"featured_media":0,"parent":0,"menu_order":0,"comment_status":"closed","ping_status":"closed","template":"","meta":{"om_disable_all_campaigns":false,"_monsterinsights_skip_tracking":false,"_monsterinsights_sitenote_active":false,"_monsterinsights_sitenote_note":"","_monsterinsights_sitenote_category":0,"footnotes":""},"class_list":["entry","author-admin5401","post-3302","page","type-page","status-publish"],"aioseo_notices":[],"_links":{"self":[{"href":"https:\/\/stjuliendevouvantes.fr\/index.php\/wp-json\/wp\/v2\/pages\/3302","targetHints":{"allow":["GET"]}}],"collection":[{"href":"https:\/\/stjuliendevouvantes.fr\/index.php\/wp-json\/wp\/v2\/pages"}],"about":[{"href":"https:\/\/stjuliendevouvantes.fr\/index.php\/wp-json\/wp\/v2\/types\/page"}],"author":[{"embeddable":true,"href":"https:\/\/stjuliendevouvantes.fr\/index.php\/wp-json\/wp\/v2\/users\/1"}],"replies":[{"embeddable":true,"href":"https:\/\/stjuliendevouvantes.fr\/index.php\/wp-json\/wp\/v2\/comments?post=3302"}],"version-history":[{"count":5,"href":"https:\/\/stjuliendevouvantes.fr\/index.php\/wp-json\/wp\/v2\/pages\/3302\/revisions"}],"predecessor-version":[{"id":4043,"href":"https:\/\/stjuliendevouvantes.fr\/index.php\/wp-json\/wp\/v2\/pages\/3302\/revisions\/4043"}],"wp:attachment":[{"href":"https:\/\/stjuliendevouvantes.fr\/index.php\/wp-json\/wp\/v2\/media?parent=3302"}],"curies":[{"name":"wp","href":"https:\/\/api.w.org\/{rel}","templated":true}]}}