{"id":4239,"date":"2021-12-10T10:37:21","date_gmt":"2021-12-10T09:37:21","guid":{"rendered":"https:\/\/stjuliendevouvantes.fr\/?page_id=4239"},"modified":"2023-07-03T10:13:22","modified_gmt":"2023-07-03T08:13:22","slug":"ecole-publique","status":"publish","type":"page","link":"https:\/\/stjuliendevouvantes.fr\/index.php\/ecole-publique\/","title":{"rendered":"ECOLE PUBLIQUE"},"content":{"rendered":"\n<div class=\"wp-block-columns is-layout-flex wp-container-core-columns-is-layout-1 wp-block-columns-is-layout-flex\">\n<div class=\"wp-block-column is-layout-flow wp-block-column-is-layout-flow\">\n<div class=\"wp-block-image\"><figure class=\"aligncenter size-large\"><img decoding=\"async\" width=\"387\" height=\"124\" src=\"https:\/\/stjuliendevouvantes.fr\/wp-content\/uploads\/2020\/11\/ecole_publique.png\" alt=\"\" class=\"wp-image-2441\" srcset=\"https:\/\/stjuliendevouvantes.fr\/wp-content\/uploads\/2020\/11\/ecole_publique.png 387w, https:\/\/stjuliendevouvantes.fr\/wp-content\/uploads\/2020\/11\/ecole_publique-300x96.png 300w\" sizes=\"(max-width: 387px) 100vw, 387px\" \/><\/figure><\/div>\n\n\n\n<h2>L&rsquo;\u00e9cole \u00e0 Saint Julien de Vouvantes<\/h2>\n<p>L&rsquo;\u00e9cole publique de Saint Julien de Vouvantes est en regroupement p\u00e9dagogique intercommunal (RPI) avec l&rsquo;\u00e9cole publique de Petit Auvern\u00e9.<\/p>\n<p><strong>INSCRIPTIONS<\/strong><\/p>\n<p>Les parents qui d\u00e9sirent que leur(s) enfant(s) soi(ent) scolaris\u00e9(s) \u00e0 l\u2019\u00e9cole publique sont invit\u00e9s \u00e0 prendre contact<\/p>\n<p>-&gt; <u>pour les TPS au CE1<\/u> avec la directrice Mme Emilie MARTIN au 02 40 55 56 18 \u00e0 l&rsquo;\u00e9cole des Rochettes, 12 rue des Rochettes \u00e0 Saint Julien de Vouvantes<\/p>\n<p>-&gt; <u>pour les CE2 au CM2<\/u> avec la directrice Mme Pauline VOISIN au 02 40 55 57 93 \u00e0 l&rsquo;\u00e9cole des Aulnes, 17 rue du stade au Petit Auvern\u00e9.<\/p>\n<p><strong>\u00a0<\/strong><strong>puis se pr\u00e9senter \u00e0 la Mairie du domicile <\/strong>avec les documents suivants\u00a0:<\/p>\n<ul>\n<li>livret de famille,<\/li>\n<li>justificatif de domicile,<\/li>\n<li>carnet de sant\u00e9,<\/li>\n<li>certificat de radiation (si l\u2019\u00e9l\u00e8ve est d\u00e9j\u00e0 scolaris\u00e9 dans un autre \u00e9tablissement),<\/li>\n<li>en cas de s\u00e9paration ou divorce, fournir le jugement du tribunal concernant la garde des enfants.<\/li>\n<\/ul>\n<p><span style=\"color: #ff0000;\"><strong>Les horaires de l&rsquo;\u00e9cole des Rochettes \u00e0 Saint Julien de Vouvantes<\/strong><\/span><\/p>\n<p>Du Lundi au vendredi de\u00a0 8h40\u00a0 \u00e0 12h00 \u00a0 et\u00a0 de 13h30\u00a0 \u00e0\u00a0 16h10<\/p>\n<p><strong><span style=\"color: #ff0000;\">Les horaires de l&rsquo;\u00e9cole des Aulnes au Petit Auvern\u00e9<\/span><\/strong><\/p>\n<p>Du Lundi au vendredi de\u00a0 8h40\u00a0 \u00e0 12h00 \u00a0 et\u00a0 de 13h30\u00a0 \u00e0\u00a0 16h10<\/p>\n<p>Une navette entre les deux \u00e9coles circule le matin et le soir au d\u00e9part de chaque \u00e9cole.<\/p>\n<p>\u00a0<\/p>\n\n\n\n<div class=\"wp-block-buttons aligncenter is-layout-flex wp-block-buttons-is-layout-flex\">\n<div class=\"wp-block-button\"><a class=\"wp-block-button__link\" href=\"https:\/\/aleop.paysdelaloire.fr\/transports-scolaires-en-loire-atlantique\u00a0\" target=\"_blank\" rel=\"noreferrer noopener\">VOIR LES TRANSPORTS SCOLAIRES ALEOP<\/a><\/div>\n<\/div>\n<\/div>\n<\/div>\n","protected":false},"excerpt":{"rendered":"<p>L&rsquo;\u00e9cole \u00e0 Saint Julien de Vouvantes L&rsquo;\u00e9cole publique de Saint Julien de Vouvantes est en regroupement p\u00e9dagogique intercommunal (RPI) avec l&rsquo;\u00e9cole publique de Petit Auvern\u00e9. INSCRIPTIONS Les parents qui d\u00e9sirent que leur(s) enfant(s) soi(ent) scolaris\u00e9(s) \u00e0 l\u2019\u00e9cole publique sont invit\u00e9s \u00e0 prendre contact -&gt; pour les TPS au CE1 avec<span class=\"more-link\"><a href=\"https:\/\/stjuliendevouvantes.fr\/index.php\/ecole-publique\/\">lire la suite &#8230;<\/a><\/span><\/p>\n","protected":false},"author":1,"featured_media":0,"parent":0,"menu_order":0,"comment_status":"closed","ping_status":"closed","template":"","meta":{"om_disable_all_campaigns":false,"_monsterinsights_skip_tracking":false,"_monsterinsights_sitenote_active":false,"_monsterinsights_sitenote_note":"","_monsterinsights_sitenote_category":0,"footnotes":""},"class_list":["entry","author-admin5401","post-4239","page","type-page","status-publish"],"aioseo_notices":[],"publishpress_future_action":{"enabled":false,"date":"2026-04-26 20:25:10","action":"change-status","newStatus":"draft","terms":[],"taxonomy":"","extraData":[]},"publishpress_future_workflow_manual_trigger":{"enabledWorkflows":[]},"_links":{"self":[{"href":"https:\/\/stjuliendevouvantes.fr\/index.php\/wp-json\/wp\/v2\/pages\/4239","targetHints":{"allow":["GET"]}}],"collection":[{"href":"https:\/\/stjuliendevouvantes.fr\/index.php\/wp-json\/wp\/v2\/pages"}],"about":[{"href":"https:\/\/stjuliendevouvantes.fr\/index.php\/wp-json\/wp\/v2\/types\/page"}],"author":[{"embeddable":true,"href":"https:\/\/stjuliendevouvantes.fr\/index.php\/wp-json\/wp\/v2\/users\/1"}],"replies":[{"embeddable":true,"href":"https:\/\/stjuliendevouvantes.fr\/index.php\/wp-json\/wp\/v2\/comments?post=4239"}],"version-history":[{"count":3,"href":"https:\/\/stjuliendevouvantes.fr\/index.php\/wp-json\/wp\/v2\/pages\/4239\/revisions"}],"predecessor-version":[{"id":5091,"href":"https:\/\/stjuliendevouvantes.fr\/index.php\/wp-json\/wp\/v2\/pages\/4239\/revisions\/5091"}],"wp:attachment":[{"href":"https:\/\/stjuliendevouvantes.fr\/index.php\/wp-json\/wp\/v2\/media?parent=4239"}],"curies":[{"name":"wp","href":"https:\/\/api.w.org\/{rel}","templated":true}]}}