{"id":5987,"date":"2025-08-20T10:47:50","date_gmt":"2025-08-20T08:47:50","guid":{"rendered":"https:\/\/stjuliendevouvantes.fr\/?page_id=5987"},"modified":"2026-04-11T16:43:51","modified_gmt":"2026-04-11T14:43:51","slug":"restaurant-scolaire","status":"publish","type":"page","link":"https:\/\/stjuliendevouvantes.fr\/index.php\/restaurant-scolaire\/","title":{"rendered":"RESTAURANT SCOLAIRE"},"content":{"rendered":"\n<p class=\"has-medium-font-size\">Apr\u00e8s 10 mois de travaux, achev\u00e9s d\u00e9but 2024, les enfants des 2 \u00e9coles se retrouvent chaque midi (depuis mars 2024), pour le temps du d\u00e9jeuner.<\/p>\n\n\n\n<p class=\"has-medium-font-size\">L\u2019inauguration a eu lieu le 31 mai 2024 en pr\u00e9sence du Pr\u00e9sident du D\u00e9partement, du Pr\u00e9sident de la Communaut\u00e9 de Commune Ch\u00e2teaubriant-Derval et des maires des communes voisines.<\/p>\n\n\n\n<div class=\"wp-block-columns is-layout-flex wp-container-core-columns-is-layout-1 wp-block-columns-is-layout-flex\">\n<div class=\"wp-block-column is-layout-flow wp-block-column-is-layout-flow\">\n<figure class=\"wp-block-image size-large\"><img fetchpriority=\"high\" decoding=\"async\" width=\"1024\" height=\"768\" src=\"https:\/\/stjuliendevouvantes.fr\/wp-content\/uploads\/2026\/04\/20240103_152836-1024x768.jpg\" alt=\"\" class=\"wp-image-6764\" srcset=\"https:\/\/stjuliendevouvantes.fr\/wp-content\/uploads\/2026\/04\/20240103_152836-1024x768.jpg 1024w, https:\/\/stjuliendevouvantes.fr\/wp-content\/uploads\/2026\/04\/20240103_152836-300x225.jpg 300w, https:\/\/stjuliendevouvantes.fr\/wp-content\/uploads\/2026\/04\/20240103_152836-768x576.jpg 768w, https:\/\/stjuliendevouvantes.fr\/wp-content\/uploads\/2026\/04\/20240103_152836-1536x1152.jpg 1536w, https:\/\/stjuliendevouvantes.fr\/wp-content\/uploads\/2026\/04\/20240103_152836-2048x1536.jpg 2048w, https:\/\/stjuliendevouvantes.fr\/wp-content\/uploads\/2026\/04\/20240103_152836-465x349.jpg 465w, https:\/\/stjuliendevouvantes.fr\/wp-content\/uploads\/2026\/04\/20240103_152836-667x500.jpg 667w, https:\/\/stjuliendevouvantes.fr\/wp-content\/uploads\/2026\/04\/20240103_152836-500x375.jpg 500w, https:\/\/stjuliendevouvantes.fr\/wp-content\/uploads\/2026\/04\/20240103_152836-800x600.jpg 800w, https:\/\/stjuliendevouvantes.fr\/wp-content\/uploads\/2026\/04\/20240103_152836-1280x960.jpg 1280w, https:\/\/stjuliendevouvantes.fr\/wp-content\/uploads\/2026\/04\/20240103_152836-1920x1440.jpg 1920w\" sizes=\"(max-width: 1024px) 100vw, 1024px\" \/><\/figure>\n<\/div>\n\n\n\n<div class=\"wp-block-column is-layout-flow wp-block-column-is-layout-flow\">\n<figure class=\"wp-block-image size-large\"><img decoding=\"async\" width=\"1024\" height=\"768\" src=\"https:\/\/stjuliendevouvantes.fr\/wp-content\/uploads\/2026\/04\/20240103_152524-1024x768.jpg\" alt=\"\" class=\"wp-image-6763\" srcset=\"https:\/\/stjuliendevouvantes.fr\/wp-content\/uploads\/2026\/04\/20240103_152524-1024x768.jpg 1024w, https:\/\/stjuliendevouvantes.fr\/wp-content\/uploads\/2026\/04\/20240103_152524-300x225.jpg 300w, https:\/\/stjuliendevouvantes.fr\/wp-content\/uploads\/2026\/04\/20240103_152524-768x576.jpg 768w, https:\/\/stjuliendevouvantes.fr\/wp-content\/uploads\/2026\/04\/20240103_152524-1536x1152.jpg 1536w, https:\/\/stjuliendevouvantes.fr\/wp-content\/uploads\/2026\/04\/20240103_152524-2048x1536.jpg 2048w, https:\/\/stjuliendevouvantes.fr\/wp-content\/uploads\/2026\/04\/20240103_152524-465x349.jpg 465w, https:\/\/stjuliendevouvantes.fr\/wp-content\/uploads\/2026\/04\/20240103_152524-667x500.jpg 667w, https:\/\/stjuliendevouvantes.fr\/wp-content\/uploads\/2026\/04\/20240103_152524-500x375.jpg 500w, https:\/\/stjuliendevouvantes.fr\/wp-content\/uploads\/2026\/04\/20240103_152524-800x600.jpg 800w, https:\/\/stjuliendevouvantes.fr\/wp-content\/uploads\/2026\/04\/20240103_152524-1280x960.jpg 1280w, https:\/\/stjuliendevouvantes.fr\/wp-content\/uploads\/2026\/04\/20240103_152524-1920x1440.jpg 1920w\" sizes=\"(max-width: 1024px) 100vw, 1024px\" \/><\/figure>\n<\/div>\n\n\n\n<div class=\"wp-block-column is-layout-flow wp-block-column-is-layout-flow\">\n<figure class=\"wp-block-image size-large\"><img decoding=\"async\" width=\"1024\" height=\"768\" src=\"https:\/\/stjuliendevouvantes.fr\/wp-content\/uploads\/2026\/04\/20240103_152607-1024x768.jpg\" alt=\"\" class=\"wp-image-6765\" srcset=\"https:\/\/stjuliendevouvantes.fr\/wp-content\/uploads\/2026\/04\/20240103_152607-1024x768.jpg 1024w, https:\/\/stjuliendevouvantes.fr\/wp-content\/uploads\/2026\/04\/20240103_152607-300x225.jpg 300w, https:\/\/stjuliendevouvantes.fr\/wp-content\/uploads\/2026\/04\/20240103_152607-768x576.jpg 768w, https:\/\/stjuliendevouvantes.fr\/wp-content\/uploads\/2026\/04\/20240103_152607-1536x1152.jpg 1536w, https:\/\/stjuliendevouvantes.fr\/wp-content\/uploads\/2026\/04\/20240103_152607-2048x1536.jpg 2048w, https:\/\/stjuliendevouvantes.fr\/wp-content\/uploads\/2026\/04\/20240103_152607-465x349.jpg 465w, https:\/\/stjuliendevouvantes.fr\/wp-content\/uploads\/2026\/04\/20240103_152607-667x500.jpg 667w, https:\/\/stjuliendevouvantes.fr\/wp-content\/uploads\/2026\/04\/20240103_152607-500x375.jpg 500w, https:\/\/stjuliendevouvantes.fr\/wp-content\/uploads\/2026\/04\/20240103_152607-800x600.jpg 800w, https:\/\/stjuliendevouvantes.fr\/wp-content\/uploads\/2026\/04\/20240103_152607-1280x960.jpg 1280w, https:\/\/stjuliendevouvantes.fr\/wp-content\/uploads\/2026\/04\/20240103_152607-1920x1440.jpg 1920w\" sizes=\"(max-width: 1024px) 100vw, 1024px\" \/><\/figure>\n<\/div>\n<\/div>\n\n\n\n<div class=\"wp-block-columns is-layout-flex wp-container-core-columns-is-layout-2 wp-block-columns-is-layout-flex\">\n<div class=\"wp-block-column is-layout-flow wp-block-column-is-layout-flow\">\n<figure class=\"wp-block-image size-large\"><img loading=\"lazy\" decoding=\"async\" width=\"1024\" height=\"768\" src=\"https:\/\/stjuliendevouvantes.fr\/wp-content\/uploads\/2026\/04\/20240103_152620-1024x768.jpg\" alt=\"\" class=\"wp-image-6766\" srcset=\"https:\/\/stjuliendevouvantes.fr\/wp-content\/uploads\/2026\/04\/20240103_152620-1024x768.jpg 1024w, https:\/\/stjuliendevouvantes.fr\/wp-content\/uploads\/2026\/04\/20240103_152620-300x225.jpg 300w, https:\/\/stjuliendevouvantes.fr\/wp-content\/uploads\/2026\/04\/20240103_152620-768x576.jpg 768w, https:\/\/stjuliendevouvantes.fr\/wp-content\/uploads\/2026\/04\/20240103_152620-1536x1152.jpg 1536w, https:\/\/stjuliendevouvantes.fr\/wp-content\/uploads\/2026\/04\/20240103_152620-2048x1536.jpg 2048w, https:\/\/stjuliendevouvantes.fr\/wp-content\/uploads\/2026\/04\/20240103_152620-465x349.jpg 465w, https:\/\/stjuliendevouvantes.fr\/wp-content\/uploads\/2026\/04\/20240103_152620-667x500.jpg 667w, https:\/\/stjuliendevouvantes.fr\/wp-content\/uploads\/2026\/04\/20240103_152620-500x375.jpg 500w, https:\/\/stjuliendevouvantes.fr\/wp-content\/uploads\/2026\/04\/20240103_152620-800x600.jpg 800w, https:\/\/stjuliendevouvantes.fr\/wp-content\/uploads\/2026\/04\/20240103_152620-1280x960.jpg 1280w, https:\/\/stjuliendevouvantes.fr\/wp-content\/uploads\/2026\/04\/20240103_152620-1920x1440.jpg 1920w\" sizes=\"(max-width: 1024px) 100vw, 1024px\" \/><\/figure>\n<\/div>\n\n\n\n<div class=\"wp-block-column is-layout-flow wp-block-column-is-layout-flow\">\n<figure class=\"wp-block-image size-large\"><img loading=\"lazy\" decoding=\"async\" width=\"1024\" height=\"768\" src=\"https:\/\/stjuliendevouvantes.fr\/wp-content\/uploads\/2026\/04\/20240103_152554-1024x768.jpg\" alt=\"\" class=\"wp-image-6767\" srcset=\"https:\/\/stjuliendevouvantes.fr\/wp-content\/uploads\/2026\/04\/20240103_152554-1024x768.jpg 1024w, https:\/\/stjuliendevouvantes.fr\/wp-content\/uploads\/2026\/04\/20240103_152554-300x225.jpg 300w, https:\/\/stjuliendevouvantes.fr\/wp-content\/uploads\/2026\/04\/20240103_152554-768x576.jpg 768w, https:\/\/stjuliendevouvantes.fr\/wp-content\/uploads\/2026\/04\/20240103_152554-1536x1152.jpg 1536w, https:\/\/stjuliendevouvantes.fr\/wp-content\/uploads\/2026\/04\/20240103_152554-2048x1536.jpg 2048w, https:\/\/stjuliendevouvantes.fr\/wp-content\/uploads\/2026\/04\/20240103_152554-465x349.jpg 465w, https:\/\/stjuliendevouvantes.fr\/wp-content\/uploads\/2026\/04\/20240103_152554-667x500.jpg 667w, https:\/\/stjuliendevouvantes.fr\/wp-content\/uploads\/2026\/04\/20240103_152554-500x375.jpg 500w, https:\/\/stjuliendevouvantes.fr\/wp-content\/uploads\/2026\/04\/20240103_152554-800x600.jpg 800w, https:\/\/stjuliendevouvantes.fr\/wp-content\/uploads\/2026\/04\/20240103_152554-1280x960.jpg 1280w, https:\/\/stjuliendevouvantes.fr\/wp-content\/uploads\/2026\/04\/20240103_152554-1920x1440.jpg 1920w\" sizes=\"(max-width: 1024px) 100vw, 1024px\" \/><\/figure>\n<\/div>\n\n\n\n<div class=\"wp-block-column is-layout-flow wp-block-column-is-layout-flow\"><\/div>\n<\/div>\n\n\n\n<figure class=\"wp-block-table\"><table class=\"has-fixed-layout\"><tbody><tr><td>Terrassement<\/td><td>GUILLOTEAU TP (Loireauxence)<\/td><td>30 898 \u20ac<\/td><\/tr><tr><td>Gros oeuvre &#8211; ma\u00e7onnerie<\/td><td>BOUCHEREAU(Or\u00e9e d\u2019Anjou)<\/td><td>93 857 \u20ac<\/td><\/tr><tr><td>Etanch\u00e9it\u00e9<\/td><td>EG BOURGET (Ancenis)<\/td><td>19 629 \u20ac<\/td><\/tr><tr><td>Menuiserie int\u00e9rieures + ext\u00e9rieures<\/td><td>ERDRALU(Nort sur Erdre)<\/td><td>36 147 \u20ac<\/td><\/tr><tr><td>Cloisons s\u00e8ches &#8211; Doublage &#8211; Plafonds<\/td><td>EMCG (Ch\u00e2teaubriant)<\/td><td>35 298 \u20ac<\/td><\/tr><tr><td>Faux Plafonds<\/td><td>APM (St Leger de Lini\u00e8res)<\/td><td>3 130 \u20ac<\/td><\/tr><tr><td>Carrelages &#8211; Fa\u00efences<\/td><td>MALEINGE(St Pierre Montlimart)<\/td><td>28 229 \u20ac<\/td><\/tr><tr><td>Peinture -Nettoyage<\/td><td>FREMONDIERE (Or\u00e9e d\u2019Anjou)<\/td><td>7 374 \u20ac<\/td><\/tr><tr><td>Chauffage &#8211; Ventilation &#8211; Plomberie -Sanitaire<\/td><td>LUCATHERMY(Haute Goulaine)<\/td><td>59 000 \u20ac<\/td><\/tr><tr><td>Electricit\u00e9 &#8211; Alarme<\/td><td>SPIE(Ch\u00e2teaubriant)<\/td><td>29 544 \u20ac<\/td><\/tr><tr><td>Equipements de cuisine<\/td><td>QUIETALIS(Ste Luce sur Loire)<\/td><td>23 777 \u20ac<\/td><\/tr><tr><td>cabinet Qualiconsult<\/td><td>Coordinateur de S\u00e9curit\u00e9 et Protection de la Sant\u00e9 + diag \u00e9lec + diag plomb + diag amiante<\/td><td>8 250 \u20ac<\/td><\/tr><tr><td>Bretagne G\u00e9otehcnie<\/td><td>\u00e9tude des sol &#8211; sondage<\/td><td>3 120 \u20ac<\/td><\/tr><tr><td colspan=\"2\">assurance dommage ouvrage<\/td><td>4 500 \u20ac<\/td><\/tr><tr><td colspan=\"2\">publication<\/td><td>500 \u20ac<\/td><\/tr><tr><td>Peps Architecture<\/td><td>maitrise d\u201doeuvre<\/td><td>38 180 \u20ac<\/td><\/tr><tr><td colspan=\"2\">bureau de contr\u00f4le<\/td><td>4 255 \u20ac<\/td><\/tr><tr><td colspan=\"2\">mission SPS<\/td><td>2 835 \u20ac<\/td><\/tr><tr><td><\/td><td>Co<strong>\u00fbt total<\/strong><\/td><td><strong>428 523 \u20ac HT<\/strong><\/td><\/tr><\/tbody><\/table><\/figure>\n\n\n\n<p class=\"has-medium-font-size\">SUBVENTIONS :<\/p>\n\n\n\n<ul class=\"wp-block-list\">\n<li class=\"has-medium-font-size\">Pr\u00e9fecture &#8211; Dotation de Soutien \u00e0 l\u2019Investissement : 108 017 \u20ac<\/li>\n\n\n\n<li class=\"has-medium-font-size\">CCCD &#8211; Fonds de concours : 25 000 \u20ac<\/li>\n\n\n\n<li class=\"has-medium-font-size\">D\u00e9partement &#8211; soutien aux territoires 2020\/2026 : 100 482 \u20ac<\/li>\n\n\n\n<li class=\"has-medium-font-size\">Pr\u00e9fecture : Dotation d\u2019\u00c9quipement des Territoires Ruraux DETR : 100 482 \u20ac<\/li>\n\n\n\n<li class=\"has-medium-font-size\"><strong>Total subventions :<\/strong> <strong>333 981 \u20ac<\/strong><\/li>\n<\/ul>\n\n\n\n<p><\/p>\n","protected":false},"excerpt":{"rendered":"<p>Apr\u00e8s 10 mois de travaux, achev\u00e9s d\u00e9but 2024, les enfants des 2 \u00e9coles se retrouvent chaque midi (depuis mars 2024), pour le temps du d\u00e9jeuner. L\u2019inauguration a eu lieu le 31 mai 2024 en pr\u00e9sence du Pr\u00e9sident du D\u00e9partement, du Pr\u00e9sident de la Communaut\u00e9 de Commune Ch\u00e2teaubriant-Derval et des maires<span class=\"more-link\"><a href=\"https:\/\/stjuliendevouvantes.fr\/index.php\/restaurant-scolaire\/\">lire la suite &#8230;<\/a><\/span><\/p>\n","protected":false},"author":1,"featured_media":0,"parent":0,"menu_order":0,"comment_status":"closed","ping_status":"closed","template":"","meta":{"om_disable_all_campaigns":false,"_monsterinsights_skip_tracking":false,"_monsterinsights_sitenote_active":false,"_monsterinsights_sitenote_note":"","_monsterinsights_sitenote_category":0,"footnotes":""},"class_list":["entry","author-admin5401","post-5987","page","type-page","status-publish"],"aioseo_notices":[],"publishpress_future_action":{"enabled":false,"date":"2026-05-07 09:10:12","action":"change-status","newStatus":"draft","terms":[],"taxonomy":"","extraData":[]},"publishpress_future_workflow_manual_trigger":{"enabledWorkflows":[]},"_links":{"self":[{"href":"https:\/\/stjuliendevouvantes.fr\/index.php\/wp-json\/wp\/v2\/pages\/5987","targetHints":{"allow":["GET"]}}],"collection":[{"href":"https:\/\/stjuliendevouvantes.fr\/index.php\/wp-json\/wp\/v2\/pages"}],"about":[{"href":"https:\/\/stjuliendevouvantes.fr\/index.php\/wp-json\/wp\/v2\/types\/page"}],"author":[{"embeddable":true,"href":"https:\/\/stjuliendevouvantes.fr\/index.php\/wp-json\/wp\/v2\/users\/1"}],"replies":[{"embeddable":true,"href":"https:\/\/stjuliendevouvantes.fr\/index.php\/wp-json\/wp\/v2\/comments?post=5987"}],"version-history":[{"count":3,"href":"https:\/\/stjuliendevouvantes.fr\/index.php\/wp-json\/wp\/v2\/pages\/5987\/revisions"}],"predecessor-version":[{"id":6768,"href":"https:\/\/stjuliendevouvantes.fr\/index.php\/wp-json\/wp\/v2\/pages\/5987\/revisions\/6768"}],"wp:attachment":[{"href":"https:\/\/stjuliendevouvantes.fr\/index.php\/wp-json\/wp\/v2\/media?parent=5987"}],"curies":[{"name":"wp","href":"https:\/\/api.w.org\/{rel}","templated":true}]}}