{"id":6001,"date":"2025-08-20T11:31:05","date_gmt":"2025-08-20T09:31:05","guid":{"rendered":"https:\/\/stjuliendevouvantes.fr\/?page_id=6001"},"modified":"2026-04-26T09:00:26","modified_gmt":"2026-04-26T07:00:26","slug":"mllec","status":"publish","type":"page","link":"https:\/\/stjuliendevouvantes.fr\/index.php\/mllec\/","title":{"rendered":"Mlle C"},"content":{"rendered":"\n<hr class=\"wp-block-separator has-css-opacity\"\/>\n\n\n\n<h2 class=\"wp-block-heading has-text-align-center has-accent-font-color has-text-color has-background has-link-color has-large-font-size wp-elements-48513e79996f24705c8172aa64314b0f\" style=\"background-color:#6e3e3e\"><strong>Mlle C.<\/strong><\/h2>\n\n\n\n<div class=\"wp-block-columns is-layout-flex wp-container-core-columns-is-layout-1 wp-block-columns-is-layout-flex\">\n<div class=\"wp-block-column is-vertically-aligned-center is-layout-flow wp-block-column-is-layout-flow\"><div class=\"wp-block-image\">\n<figure class=\"aligncenter size-full is-resized\"><img decoding=\"async\" width=\"206\" height=\"206\" src=\"https:\/\/stjuliendevouvantes.fr\/wp-content\/uploads\/2026\/04\/358147017_704064008397088_2177131641472958367_n.jpg\" alt=\"\" class=\"wp-image-7037\" style=\"width:206px;height:auto\" srcset=\"https:\/\/stjuliendevouvantes.fr\/wp-content\/uploads\/2026\/04\/358147017_704064008397088_2177131641472958367_n.jpg 206w, https:\/\/stjuliendevouvantes.fr\/wp-content\/uploads\/2026\/04\/358147017_704064008397088_2177131641472958367_n-150x150.jpg 150w\" sizes=\"(max-width: 206px) 100vw, 206px\" \/><\/figure><\/div>\n\n\n<p class=\"has-text-align-center has-text-color has-link-color has-medium-font-size wp-elements-84c4e8d7ba7e02c073ffb52801be8bc2\" style=\"color:#6e3e3e\"><strong>Coiffure &#8211; Bien-\u00ebtre<\/strong><\/p>\n\n\n\n<p class=\"has-text-align-center has-medium-font-size\">1 rue des Rochettes<\/p>\n\n\n\n<p class=\"has-text-align-center has-medium-font-size\">St Julien de Vouvantes<\/p>\n\n\n<div class=\"wp-block-image\">\n<figure class=\"aligncenter size-large is-resized\"><a href=\"https:\/\/www.planity.com\/mlle-c-44670-saint-julien-de-vouvantes\"><img fetchpriority=\"high\" decoding=\"async\" width=\"1024\" height=\"217\" src=\"https:\/\/stjuliendevouvantes.fr\/wp-content\/uploads\/2026\/04\/prendre-rdv-en-ligne-1024x217.png\" alt=\"\" class=\"wp-image-7038\" style=\"width:179px;height:auto\" srcset=\"https:\/\/stjuliendevouvantes.fr\/wp-content\/uploads\/2026\/04\/prendre-rdv-en-ligne-1024x217.png 1024w, https:\/\/stjuliendevouvantes.fr\/wp-content\/uploads\/2026\/04\/prendre-rdv-en-ligne-300x64.png 300w, https:\/\/stjuliendevouvantes.fr\/wp-content\/uploads\/2026\/04\/prendre-rdv-en-ligne-768x163.png 768w, https:\/\/stjuliendevouvantes.fr\/wp-content\/uploads\/2026\/04\/prendre-rdv-en-ligne-1536x326.png 1536w, https:\/\/stjuliendevouvantes.fr\/wp-content\/uploads\/2026\/04\/prendre-rdv-en-ligne-465x99.png 465w, https:\/\/stjuliendevouvantes.fr\/wp-content\/uploads\/2026\/04\/prendre-rdv-en-ligne-695x148.png 695w, https:\/\/stjuliendevouvantes.fr\/wp-content\/uploads\/2026\/04\/prendre-rdv-en-ligne-500x106.png 500w, https:\/\/stjuliendevouvantes.fr\/wp-content\/uploads\/2026\/04\/prendre-rdv-en-ligne-800x170.png 800w, https:\/\/stjuliendevouvantes.fr\/wp-content\/uploads\/2026\/04\/prendre-rdv-en-ligne-1280x272.png 1280w, https:\/\/stjuliendevouvantes.fr\/wp-content\/uploads\/2026\/04\/prendre-rdv-en-ligne.png 1668w\" sizes=\"(max-width: 1024px) 100vw, 1024px\" \/><\/a><\/figure><\/div><\/div>\n\n\n\n<div class=\"wp-block-column is-vertically-aligned-center is-layout-flow wp-block-column-is-layout-flow\">\n<p class=\"has-text-align-center has-medium-font-size\"><br>\u201c Je ne re\u00e7ois qu&rsquo;une cliente \u00e0 la fois afin qu&rsquo;elle re\u00e7oive toute mon attention avec une approche douce, d\u00e9licate et bienveillante. Mon cocon est le r\u00e9sultat de ma vie personnelle et professionnelle, je suis passionn\u00e9e par l&rsquo;\u00eatre humain, j&rsquo;ai toujours r\u00eav\u00e9 d&rsquo;un monde meilleur o\u00f9 chaque personne se sente aim\u00e9e et consid\u00e9r\u00e9e. Je me forme plusieurs fois par an essayant de toujours m&rsquo;am\u00e9liorer, casser la routine et apprendre de nouvelles techniques. \u201c<\/p>\n<\/div>\n\n\n\n<div class=\"wp-block-column is-layout-flow wp-block-column-is-layout-flow\"><div class=\"wp-block-image\">\n<figure class=\"aligncenter size-full\"><img decoding=\"async\" width=\"206\" height=\"206\" src=\"https:\/\/stjuliendevouvantes.fr\/wp-content\/uploads\/2026\/04\/382743012_749257687211053_727772157716907301_n.jpg\" alt=\"\" class=\"wp-image-7039\" srcset=\"https:\/\/stjuliendevouvantes.fr\/wp-content\/uploads\/2026\/04\/382743012_749257687211053_727772157716907301_n.jpg 206w, https:\/\/stjuliendevouvantes.fr\/wp-content\/uploads\/2026\/04\/382743012_749257687211053_727772157716907301_n-150x150.jpg 150w\" sizes=\"(max-width: 206px) 100vw, 206px\" \/><\/figure><\/div>\n\n\n<p class=\"has-text-align-center has-text-color has-link-color has-medium-font-size wp-elements-470aff079a69a5675f7ca982102209b6\" style=\"color:#6e3e3e\">\u00ab\u00a0<strong>Si vous avez envie d&rsquo;une pause hors du temps o\u00f9 l&rsquo;on prend soin de vous : je vous accueille avec plaisir ! \u201c<\/strong><\/p>\n\n\n\n<p class=\"has-text-align-center has-text-color has-link-color has-medium-font-size wp-elements-389444c20a597b81f56c207258bcdf3f\" style=\"color:#6e3e3e\"> les lundi, mardi, jeudi et vendredi<\/p>\n\n\n\n<p class=\"has-text-align-center has-text-color has-link-color has-medium-font-size wp-elements-5d54d28f0b6ac87eb6525a804eb2ddfa\" style=\"color:#6e3e3e\">de 9h \u00e0 18h<\/p>\n\n\n\n<p class=\"has-text-align-center has-text-color has-link-color has-medium-font-size wp-elements-2005e4aa8d3eadbbf1610ede0e2936c6\" style=\"color:#6e3e3e\">et le samedi de 9h \u00e0 midi<\/p>\n<\/div>\n<\/div>\n\n\n\n<div class=\"wp-block-columns is-layout-flex wp-container-core-columns-is-layout-2 wp-block-columns-is-layout-flex\">\n<div class=\"wp-block-column is-layout-flow wp-block-column-is-layout-flow\">\n<figure class=\"wp-block-image size-full is-resized\"><img loading=\"lazy\" decoding=\"async\" width=\"945\" height=\"1202\" src=\"https:\/\/stjuliendevouvantes.fr\/wp-content\/uploads\/2026\/04\/uytuit.jpg\" alt=\"\" class=\"wp-image-7041\" style=\"width:402px;height:auto\" srcset=\"https:\/\/stjuliendevouvantes.fr\/wp-content\/uploads\/2026\/04\/uytuit.jpg 945w, https:\/\/stjuliendevouvantes.fr\/wp-content\/uploads\/2026\/04\/uytuit-236x300.jpg 236w, https:\/\/stjuliendevouvantes.fr\/wp-content\/uploads\/2026\/04\/uytuit-805x1024.jpg 805w, https:\/\/stjuliendevouvantes.fr\/wp-content\/uploads\/2026\/04\/uytuit-768x977.jpg 768w, https:\/\/stjuliendevouvantes.fr\/wp-content\/uploads\/2026\/04\/uytuit-432x550.jpg 432w, https:\/\/stjuliendevouvantes.fr\/wp-content\/uploads\/2026\/04\/uytuit-393x500.jpg 393w, https:\/\/stjuliendevouvantes.fr\/wp-content\/uploads\/2026\/04\/uytuit-500x636.jpg 500w, https:\/\/stjuliendevouvantes.fr\/wp-content\/uploads\/2026\/04\/uytuit-800x1018.jpg 800w\" sizes=\"(max-width: 945px) 100vw, 945px\" \/><\/figure>\n<\/div>\n\n\n\n<div class=\"wp-block-column is-layout-flow wp-block-column-is-layout-flow\">\n<figure class=\"wp-block-image size-full is-resized\"><img loading=\"lazy\" decoding=\"async\" width=\"931\" height=\"691\" src=\"https:\/\/stjuliendevouvantes.fr\/wp-content\/uploads\/2026\/04\/Capture-1.jpg\" alt=\"\" class=\"wp-image-7042\" style=\"width:396px;height:auto\" srcset=\"https:\/\/stjuliendevouvantes.fr\/wp-content\/uploads\/2026\/04\/Capture-1.jpg 931w, https:\/\/stjuliendevouvantes.fr\/wp-content\/uploads\/2026\/04\/Capture-1-300x223.jpg 300w, https:\/\/stjuliendevouvantes.fr\/wp-content\/uploads\/2026\/04\/Capture-1-768x570.jpg 768w, https:\/\/stjuliendevouvantes.fr\/wp-content\/uploads\/2026\/04\/Capture-1-465x345.jpg 465w, https:\/\/stjuliendevouvantes.fr\/wp-content\/uploads\/2026\/04\/Capture-1-674x500.jpg 674w, https:\/\/stjuliendevouvantes.fr\/wp-content\/uploads\/2026\/04\/Capture-1-500x371.jpg 500w, https:\/\/stjuliendevouvantes.fr\/wp-content\/uploads\/2026\/04\/Capture-1-800x594.jpg 800w\" sizes=\"(max-width: 931px) 100vw, 931px\" \/><\/figure>\n<\/div>\n\n\n\n<div class=\"wp-block-column is-layout-flow wp-block-column-is-layout-flow\">\n<figure class=\"wp-block-image size-large\"><img loading=\"lazy\" decoding=\"async\" width=\"1024\" height=\"774\" src=\"https:\/\/stjuliendevouvantes.fr\/wp-content\/uploads\/2026\/04\/DMa2Uhgs-1024x774.jpg\" alt=\"\" class=\"wp-image-7043\" srcset=\"https:\/\/stjuliendevouvantes.fr\/wp-content\/uploads\/2026\/04\/DMa2Uhgs-1024x774.jpg 1024w, https:\/\/stjuliendevouvantes.fr\/wp-content\/uploads\/2026\/04\/DMa2Uhgs-300x227.jpg 300w, https:\/\/stjuliendevouvantes.fr\/wp-content\/uploads\/2026\/04\/DMa2Uhgs-768x580.jpg 768w, https:\/\/stjuliendevouvantes.fr\/wp-content\/uploads\/2026\/04\/DMa2Uhgs-1536x1160.jpg 1536w, https:\/\/stjuliendevouvantes.fr\/wp-content\/uploads\/2026\/04\/DMa2Uhgs-465x351.jpg 465w, https:\/\/stjuliendevouvantes.fr\/wp-content\/uploads\/2026\/04\/DMa2Uhgs-662x500.jpg 662w, https:\/\/stjuliendevouvantes.fr\/wp-content\/uploads\/2026\/04\/DMa2Uhgs-500x378.jpg 500w, https:\/\/stjuliendevouvantes.fr\/wp-content\/uploads\/2026\/04\/DMa2Uhgs-800x604.jpg 800w, https:\/\/stjuliendevouvantes.fr\/wp-content\/uploads\/2026\/04\/DMa2Uhgs-1280x967.jpg 1280w, https:\/\/stjuliendevouvantes.fr\/wp-content\/uploads\/2026\/04\/DMa2Uhgs-1920x1450.jpg 1920w, https:\/\/stjuliendevouvantes.fr\/wp-content\/uploads\/2026\/04\/DMa2Uhgs.jpg 2048w\" sizes=\"(max-width: 1024px) 100vw, 1024px\" \/><\/figure>\n\n\n<div class=\"wp-block-image\">\n<figure class=\"aligncenter size-large is-resized\"><a href=\"https:\/\/stjuliendevouvantes.fr\/index.php\/commerces-artisanat-services\/\"><img loading=\"lazy\" decoding=\"async\" width=\"1024\" height=\"217\" src=\"https:\/\/stjuliendevouvantes.fr\/wp-content\/uploads\/2026\/04\/RETOUR-AUX-COMMERCES-1024x217.png\" alt=\"\" class=\"wp-image-7068\" style=\"width:204px;height:auto\" srcset=\"https:\/\/stjuliendevouvantes.fr\/wp-content\/uploads\/2026\/04\/RETOUR-AUX-COMMERCES-1024x217.png 1024w, https:\/\/stjuliendevouvantes.fr\/wp-content\/uploads\/2026\/04\/RETOUR-AUX-COMMERCES-300x64.png 300w, https:\/\/stjuliendevouvantes.fr\/wp-content\/uploads\/2026\/04\/RETOUR-AUX-COMMERCES-768x163.png 768w, https:\/\/stjuliendevouvantes.fr\/wp-content\/uploads\/2026\/04\/RETOUR-AUX-COMMERCES-1536x326.png 1536w, https:\/\/stjuliendevouvantes.fr\/wp-content\/uploads\/2026\/04\/RETOUR-AUX-COMMERCES-465x99.png 465w, https:\/\/stjuliendevouvantes.fr\/wp-content\/uploads\/2026\/04\/RETOUR-AUX-COMMERCES-695x148.png 695w, https:\/\/stjuliendevouvantes.fr\/wp-content\/uploads\/2026\/04\/RETOUR-AUX-COMMERCES-500x106.png 500w, https:\/\/stjuliendevouvantes.fr\/wp-content\/uploads\/2026\/04\/RETOUR-AUX-COMMERCES-800x170.png 800w, https:\/\/stjuliendevouvantes.fr\/wp-content\/uploads\/2026\/04\/RETOUR-AUX-COMMERCES-1280x272.png 1280w, https:\/\/stjuliendevouvantes.fr\/wp-content\/uploads\/2026\/04\/RETOUR-AUX-COMMERCES.png 1668w\" sizes=\"(max-width: 1024px) 100vw, 1024px\" \/><\/a><\/figure><\/div><\/div>\n<\/div>\n\n\n\n<p><\/p>\n","protected":false},"excerpt":{"rendered":"<p>Mlle C. Coiffure &#8211; Bien-\u00ebtre 1 rue des Rochettes St Julien de Vouvantes \u201c Je ne re\u00e7ois qu&rsquo;une cliente \u00e0 la fois afin qu&rsquo;elle re\u00e7oive toute mon attention avec une approche douce, d\u00e9licate et bienveillante. Mon cocon est le r\u00e9sultat de ma vie personnelle et professionnelle, je suis passionn\u00e9e par<span class=\"more-link\"><a href=\"https:\/\/stjuliendevouvantes.fr\/index.php\/mllec\/\">lire la suite &#8230;<\/a><\/span><\/p>\n","protected":false},"author":1,"featured_media":0,"parent":0,"menu_order":0,"comment_status":"closed","ping_status":"closed","template":"","meta":{"om_disable_all_campaigns":false,"_monsterinsights_skip_tracking":false,"_monsterinsights_sitenote_active":false,"_monsterinsights_sitenote_note":"","_monsterinsights_sitenote_category":0,"footnotes":""},"class_list":["entry","author-admin5401","post-6001","page","type-page","status-publish"],"aioseo_notices":[],"publishpress_future_action":{"enabled":false,"date":"2026-05-03 13:54:09","action":"change-status","newStatus":"draft","terms":[],"taxonomy":"","extraData":[]},"publishpress_future_workflow_manual_trigger":{"enabledWorkflows":[]},"_links":{"self":[{"href":"https:\/\/stjuliendevouvantes.fr\/index.php\/wp-json\/wp\/v2\/pages\/6001","targetHints":{"allow":["GET"]}}],"collection":[{"href":"https:\/\/stjuliendevouvantes.fr\/index.php\/wp-json\/wp\/v2\/pages"}],"about":[{"href":"https:\/\/stjuliendevouvantes.fr\/index.php\/wp-json\/wp\/v2\/types\/page"}],"author":[{"embeddable":true,"href":"https:\/\/stjuliendevouvantes.fr\/index.php\/wp-json\/wp\/v2\/users\/1"}],"replies":[{"embeddable":true,"href":"https:\/\/stjuliendevouvantes.fr\/index.php\/wp-json\/wp\/v2\/comments?post=6001"}],"version-history":[{"count":3,"href":"https:\/\/stjuliendevouvantes.fr\/index.php\/wp-json\/wp\/v2\/pages\/6001\/revisions"}],"predecessor-version":[{"id":7075,"href":"https:\/\/stjuliendevouvantes.fr\/index.php\/wp-json\/wp\/v2\/pages\/6001\/revisions\/7075"}],"wp:attachment":[{"href":"https:\/\/stjuliendevouvantes.fr\/index.php\/wp-json\/wp\/v2\/media?parent=6001"}],"curies":[{"name":"wp","href":"https:\/\/api.w.org\/{rel}","templated":true}]}}