{"id":6050,"date":"2025-08-20T15:24:46","date_gmt":"2025-08-20T13:24:46","guid":{"rendered":"https:\/\/stjuliendevouvantes.fr\/?page_id=6050"},"modified":"2026-04-11T16:45:24","modified_gmt":"2026-04-11T14:45:24","slug":"restaurant-scolaire-2","status":"publish","type":"page","link":"https:\/\/stjuliendevouvantes.fr\/index.php\/restaurant-scolaire-2\/","title":{"rendered":"ASSAINISSEMENT ROLIEU"},"content":{"rendered":"\n<p class=\"has-medium-font-size\">Les travaux d\u2019assainissement rue Rolieu ont commenc\u00e9 en mars 2023 et sont termin\u00e9s depuis d\u00e9cembre 2023.<\/p>\n\n\n\n<figure class=\"wp-block-table\"><table class=\"has-fixed-layout\"><tbody><tr><td>Terrassement &#8211; assainissement -eaux us\u00e9es &#8211; poste de refoulement<\/td><td>SAS HERVE(Juign\u00e9 les Moutiers)<\/td><td>417 797 \u20ac<\/td><\/tr><tr><td>Voirie<\/td><td>SARL PECOT<\/td><td>10 000 \u20ac<\/td><\/tr><tr><td>contr\u00f4le des r\u00e9seaux apr\u00e8s travaux<\/td><td>CEQ OUEST(Brech)<\/td><td>8 844 \u20ac<\/td><\/tr><tr><td>raccord pompe de refoulement<\/td><td>ENEDIS<\/td><td>1 109 \u20ac<\/td><\/tr><tr><td>Bureau d\u2019\u00e9tude<\/td><td>AIR &amp; GEO(Ch\u00e2teaubriant)<\/td><td>7 500 \u20ac<\/td><\/tr><tr><td>Ma\u00eetrise d\u2019oeuvre<\/td><td>JCLMO(Ch\u00e2teaubriant)<\/td><td>6 000 \u20ac<\/td><\/tr><tr><td colspan=\"2\">achat terrain<\/td><td>3 014 \u20ac<\/td><\/tr><tr><td colspan=\"2\">frais d\u2019acte<\/td><td>651 \u20ac<\/td><\/tr><tr><td><\/td><td>Co\u00fbt total du projet<\/td><td>454 915 \u20ac HT<\/td><\/tr><\/tbody><\/table><\/figure>\n\n\n\n<p class=\"has-medium-font-size\">aucune subvention n\u2019a pu \u00eatre obtenue pour ce type d\u2019op\u00e9ration.<\/p>\n\n\n\n<ul class=\"wp-block-list\">\n<li class=\"has-medium-font-size\">emprunt : 300 000 \u20ac sur 50 ans \u00e0 0.40 %<\/li>\n\n\n\n<li class=\"has-medium-font-size\">Financement par la CCCD des travaux de la Zone Intercommunale : 48 575 \u20ac<\/li>\n\n\n\n<li class=\"has-medium-font-size\">autofinancement : 106 340 \u20ac<\/li>\n<\/ul>\n\n\n\n<p class=\"has-medium-font-size\">Des \u00e9tudes sont en cours pour le r\u00e9am\u00e9nagement de la rue :<\/p>\n\n\n\n<p class=\"has-medium-font-size\">trottoirs<\/p>\n\n\n\n<p class=\"has-medium-font-size\">stationnement<\/p>\n\n\n\n<p class=\"has-medium-font-size\">s\u00e9curit\u00e9&#8230;.<\/p>\n\n\n\n<p><\/p>\n","protected":false},"excerpt":{"rendered":"<p>Les travaux d\u2019assainissement rue Rolieu ont commenc\u00e9 en mars 2023 et sont termin\u00e9s depuis d\u00e9cembre 2023. Terrassement &#8211; assainissement -eaux us\u00e9es &#8211; poste de refoulement SAS HERVE(Juign\u00e9 les Moutiers) 417 797 \u20ac Voirie SARL PECOT 10 000 \u20ac contr\u00f4le des r\u00e9seaux apr\u00e8s travaux CEQ OUEST(Brech) 8 844 \u20ac raccord pompe<span class=\"more-link\"><a href=\"https:\/\/stjuliendevouvantes.fr\/index.php\/restaurant-scolaire-2\/\">lire la suite &#8230;<\/a><\/span><\/p>\n","protected":false},"author":1,"featured_media":0,"parent":0,"menu_order":0,"comment_status":"closed","ping_status":"closed","template":"","meta":{"om_disable_all_campaigns":false,"_monsterinsights_skip_tracking":false,"_monsterinsights_sitenote_active":false,"_monsterinsights_sitenote_note":"","_monsterinsights_sitenote_category":0,"footnotes":""},"class_list":["entry","author-admin5401","post-6050","page","type-page","status-publish"],"aioseo_notices":[],"publishpress_future_action":{"enabled":false,"date":"2026-05-07 01:03:09","action":"change-status","newStatus":"draft","terms":[],"taxonomy":"","extraData":[]},"publishpress_future_workflow_manual_trigger":{"enabledWorkflows":[]},"_links":{"self":[{"href":"https:\/\/stjuliendevouvantes.fr\/index.php\/wp-json\/wp\/v2\/pages\/6050","targetHints":{"allow":["GET"]}}],"collection":[{"href":"https:\/\/stjuliendevouvantes.fr\/index.php\/wp-json\/wp\/v2\/pages"}],"about":[{"href":"https:\/\/stjuliendevouvantes.fr\/index.php\/wp-json\/wp\/v2\/types\/page"}],"author":[{"embeddable":true,"href":"https:\/\/stjuliendevouvantes.fr\/index.php\/wp-json\/wp\/v2\/users\/1"}],"replies":[{"embeddable":true,"href":"https:\/\/stjuliendevouvantes.fr\/index.php\/wp-json\/wp\/v2\/comments?post=6050"}],"version-history":[{"count":3,"href":"https:\/\/stjuliendevouvantes.fr\/index.php\/wp-json\/wp\/v2\/pages\/6050\/revisions"}],"predecessor-version":[{"id":6769,"href":"https:\/\/stjuliendevouvantes.fr\/index.php\/wp-json\/wp\/v2\/pages\/6050\/revisions\/6769"}],"wp:attachment":[{"href":"https:\/\/stjuliendevouvantes.fr\/index.php\/wp-json\/wp\/v2\/media?parent=6050"}],"curies":[{"name":"wp","href":"https:\/\/api.w.org\/{rel}","templated":true}]}}