{"id":6996,"date":"2026-04-24T18:40:18","date_gmt":"2026-04-24T16:40:18","guid":{"rendered":"https:\/\/stjuliendevouvantes.fr\/?page_id=6996"},"modified":"2026-04-24T18:40:21","modified_gmt":"2026-04-24T16:40:21","slug":"caue","status":"publish","type":"page","link":"https:\/\/stjuliendevouvantes.fr\/index.php\/caue\/","title":{"rendered":"CAUE"},"content":{"rendered":"\n<h2 class=\"wp-block-heading has-accent-color has-text-color has-link-color has-medium-font-size wp-elements-b16319ad96a76b77f614f76a7a0704ab\">Le Conseil d&rsquo;architecture, d&rsquo;urbanisme et de l&rsquo;environnement (CAUE) <\/h2>\n\n\n\n<p class=\"has-medium-font-size\"><strong>est une association qui accompagne les acteurs du territoire et le grand public dans un objectif de qualit\u00e9 de l&rsquo;architecture et de son environnement<\/strong>. Les CAUE sont cr\u00e9\u00e9s dans chaque d\u00e9partement.<\/p>\n\n\n\n<p class=\"has-medium-font-size\">Nous vous rappelons que les habitants de vos St Julien peuvent rencontrer gratuitement l\u2019architecte conseil du CAUE chaque 1er mardi matin du mois \u00e0 la Maison de l\u2019habitant \u00e0 Chateaubriant, pendant un RDV individualis\u00e9 de 45 minutes.<\/p>\n\n\n\n<p class=\"has-medium-font-size\">C\u00e9line JOZ-ROLAND, architecte au CAUE, assure cette permanence.<\/p>\n\n\n\n<p class=\"has-medium-font-size\">La prise\u00a0de\u00a0rendez-vous \u00e9volue et se fait directement\u00a0en\u00a0ligne. D&rsquo;ores et d\u00e9j\u00e0, vous pouvez vous diriger, si vous \u00eates particuliers, vers le site d\u00e9di\u00e9 :\u00a0<a href=\"http:\/\/www.cap.caue44.fr\/\">www.cap.caue44.fr<\/a><\/p>\n\n\n\n<p class=\"has-medium-font-size\">Une page du site est d\u00e9di\u00e9e \u00e0 la permanence de Chateaubriant Derval :&nbsp;<a href=\"https:\/\/cap.caue44.fr\/permanences\/communaute-de-communes-chateaubriant-derval\/\">https:\/\/cap.caue44.fr\/permanences\/communaute-de-communes-chateaubriant-derval\/<\/a>.&nbsp;<\/p>\n\n\n\n<p class=\"has-medium-font-size\">La prise de RDV est \u00e9galement possible par t\u00e9l\u00e9phone au 02 28 04 06 33.<\/p>\n\n\n\n<div class=\"wp-block-columns is-layout-flex wp-container-core-columns-is-layout-1 wp-block-columns-is-layout-flex\">\n<div class=\"wp-block-column is-layout-flow wp-block-column-is-layout-flow\">\n<figure class=\"wp-block-image size-full\"><img fetchpriority=\"high\" decoding=\"async\" width=\"671\" height=\"948\" src=\"https:\/\/stjuliendevouvantes.fr\/wp-content\/uploads\/2026\/04\/caue-1.jpg\" alt=\"\" class=\"wp-image-6997\" srcset=\"https:\/\/stjuliendevouvantes.fr\/wp-content\/uploads\/2026\/04\/caue-1.jpg 671w, https:\/\/stjuliendevouvantes.fr\/wp-content\/uploads\/2026\/04\/caue-1-212x300.jpg 212w, https:\/\/stjuliendevouvantes.fr\/wp-content\/uploads\/2026\/04\/caue-1-389x550.jpg 389w, https:\/\/stjuliendevouvantes.fr\/wp-content\/uploads\/2026\/04\/caue-1-354x500.jpg 354w, https:\/\/stjuliendevouvantes.fr\/wp-content\/uploads\/2026\/04\/caue-1-500x706.jpg 500w\" sizes=\"(max-width: 671px) 100vw, 671px\" \/><\/figure>\n<\/div>\n\n\n\n<div class=\"wp-block-column is-layout-flow wp-block-column-is-layout-flow\">\n<figure class=\"wp-block-image size-full\"><img decoding=\"async\" width=\"671\" height=\"951\" src=\"https:\/\/stjuliendevouvantes.fr\/wp-content\/uploads\/2026\/04\/caue-2.jpg\" alt=\"\" class=\"wp-image-6998\" srcset=\"https:\/\/stjuliendevouvantes.fr\/wp-content\/uploads\/2026\/04\/caue-2.jpg 671w, https:\/\/stjuliendevouvantes.fr\/wp-content\/uploads\/2026\/04\/caue-2-212x300.jpg 212w, https:\/\/stjuliendevouvantes.fr\/wp-content\/uploads\/2026\/04\/caue-2-388x550.jpg 388w, https:\/\/stjuliendevouvantes.fr\/wp-content\/uploads\/2026\/04\/caue-2-353x500.jpg 353w, https:\/\/stjuliendevouvantes.fr\/wp-content\/uploads\/2026\/04\/caue-2-500x709.jpg 500w\" sizes=\"(max-width: 671px) 100vw, 671px\" \/><\/figure>\n<\/div>\n<\/div>\n","protected":false},"excerpt":{"rendered":"<p>Le Conseil d&rsquo;architecture, d&rsquo;urbanisme et de l&rsquo;environnement (CAUE) est une association qui accompagne les acteurs du territoire et le grand public dans un objectif de qualit\u00e9 de l&rsquo;architecture et de son environnement. Les CAUE sont cr\u00e9\u00e9s dans chaque d\u00e9partement. Nous vous rappelons que les habitants de vos St Julien peuvent<span class=\"more-link\"><a href=\"https:\/\/stjuliendevouvantes.fr\/index.php\/caue\/\">lire la suite &#8230;<\/a><\/span><\/p>\n","protected":false},"author":3,"featured_media":0,"parent":0,"menu_order":0,"comment_status":"closed","ping_status":"closed","template":"","meta":{"om_disable_all_campaigns":false,"_monsterinsights_skip_tracking":false,"_monsterinsights_sitenote_active":false,"_monsterinsights_sitenote_note":"","_monsterinsights_sitenote_category":0,"footnotes":""},"class_list":["entry","author-admin5402","post-6996","page","type-page","status-publish"],"aioseo_notices":[],"publishpress_future_action":{"enabled":false,"date":"2026-05-02 16:33:30","action":"change-status","newStatus":"draft","terms":[],"taxonomy":"","extraData":[]},"publishpress_future_workflow_manual_trigger":{"enabledWorkflows":[]},"_links":{"self":[{"href":"https:\/\/stjuliendevouvantes.fr\/index.php\/wp-json\/wp\/v2\/pages\/6996","targetHints":{"allow":["GET"]}}],"collection":[{"href":"https:\/\/stjuliendevouvantes.fr\/index.php\/wp-json\/wp\/v2\/pages"}],"about":[{"href":"https:\/\/stjuliendevouvantes.fr\/index.php\/wp-json\/wp\/v2\/types\/page"}],"author":[{"embeddable":true,"href":"https:\/\/stjuliendevouvantes.fr\/index.php\/wp-json\/wp\/v2\/users\/3"}],"replies":[{"embeddable":true,"href":"https:\/\/stjuliendevouvantes.fr\/index.php\/wp-json\/wp\/v2\/comments?post=6996"}],"version-history":[{"count":3,"href":"https:\/\/stjuliendevouvantes.fr\/index.php\/wp-json\/wp\/v2\/pages\/6996\/revisions"}],"predecessor-version":[{"id":7002,"href":"https:\/\/stjuliendevouvantes.fr\/index.php\/wp-json\/wp\/v2\/pages\/6996\/revisions\/7002"}],"wp:attachment":[{"href":"https:\/\/stjuliendevouvantes.fr\/index.php\/wp-json\/wp\/v2\/media?parent=6996"}],"curies":[{"name":"wp","href":"https:\/\/api.w.org\/{rel}","templated":true}]}}