{"id":7051,"date":"2026-04-25T16:57:25","date_gmt":"2026-04-25T14:57:25","guid":{"rendered":"https:\/\/stjuliendevouvantes.fr\/?page_id=7051"},"modified":"2026-04-26T13:04:19","modified_gmt":"2026-04-26T11:04:19","slug":"commerces-artisanat-services","status":"publish","type":"page","link":"https:\/\/stjuliendevouvantes.fr\/index.php\/commerces-artisanat-services\/","title":{"rendered":"Commerces, Artisanat, Services&#8230;."},"content":{"rendered":"\n<h2 class=\"wp-block-heading has-accent-font-color has-vivid-red-background-color has-text-color has-background has-link-color wp-elements-fc9683c502fe6c25a5e05aef45a5299a\">PAGE EN COURS DE CONSTRUCTION&#8230;&#8230;&#8230;&#8230;.<\/h2>\n\n\n\n<p>Cliquez sur l&rsquo;enseigne pour en savoir plus&#8230;..<\/p>\n\n\n\n<div class=\"wp-block-columns is-layout-flex wp-container-core-columns-is-layout-1 wp-block-columns-is-layout-flex\">\n<div class=\"wp-block-column is-vertically-aligned-stretch has-background is-layout-flow wp-block-column-is-layout-flow\" style=\"background-color:#fff9e6;padding-top:var(--wp--preset--spacing--30);padding-right:var(--wp--preset--spacing--30);padding-bottom:var(--wp--preset--spacing--30);padding-left:var(--wp--preset--spacing--30)\">\n<p class=\"has-text-color has-link-color has-small-font-size wp-elements-10e09963664e15540a390f8edd80460e\" style=\"color:#fff9e6\">&#8230;&#8230;&#8230;&#8230;&#8230;.<\/p>\n\n\n<div class=\"wp-block-image\">\n<figure class=\"aligncenter size-full\"><a href=\"https:\/\/stjuliendevouvantes.fr\/index.php\/alasuperettevouvantaise\/\"><img fetchpriority=\"high\" decoding=\"async\" width=\"851\" height=\"315\" src=\"https:\/\/stjuliendevouvantes.fr\/wp-content\/uploads\/2026\/04\/470215450_122123636480523125_7491078377378901412_n-1.jpg\" alt=\"\" class=\"wp-image-7009\" srcset=\"https:\/\/stjuliendevouvantes.fr\/wp-content\/uploads\/2026\/04\/470215450_122123636480523125_7491078377378901412_n-1.jpg 851w, https:\/\/stjuliendevouvantes.fr\/wp-content\/uploads\/2026\/04\/470215450_122123636480523125_7491078377378901412_n-1-300x111.jpg 300w, https:\/\/stjuliendevouvantes.fr\/wp-content\/uploads\/2026\/04\/470215450_122123636480523125_7491078377378901412_n-1-768x284.jpg 768w, https:\/\/stjuliendevouvantes.fr\/wp-content\/uploads\/2026\/04\/470215450_122123636480523125_7491078377378901412_n-1-465x172.jpg 465w, https:\/\/stjuliendevouvantes.fr\/wp-content\/uploads\/2026\/04\/470215450_122123636480523125_7491078377378901412_n-1-695x257.jpg 695w, https:\/\/stjuliendevouvantes.fr\/wp-content\/uploads\/2026\/04\/470215450_122123636480523125_7491078377378901412_n-1-500x185.jpg 500w, https:\/\/stjuliendevouvantes.fr\/wp-content\/uploads\/2026\/04\/470215450_122123636480523125_7491078377378901412_n-1-800x296.jpg 800w\" sizes=\"(max-width: 851px) 100vw, 851px\" \/><\/a><\/figure><\/div>\n\n\n<p class=\"has-text-align-center has-vivid-red-color has-text-color has-link-color has-medium-font-size wp-elements-0d5109c54593cdf5befdbccbdb5c3980\">Sup\u00e9rette, produits locaux, planches ap\u00e9ro, op\u00e9rations de saisons&#8230;..<\/p>\n<\/div>\n\n\n\n<div class=\"wp-block-column is-vertically-aligned-stretch has-accent-font-color has-text-color has-background has-link-color wp-elements-8efba66e017fe47e6663497cae2983b6 is-layout-flow wp-block-column-is-layout-flow\" style=\"background-color:#feebd4;padding-top:var(--wp--preset--spacing--30);padding-right:var(--wp--preset--spacing--30);padding-bottom:var(--wp--preset--spacing--30);padding-left:var(--wp--preset--spacing--30)\"><div class=\"wp-block-image\">\n<figure class=\"aligncenter size-full is-resized\"><a href=\"https:\/\/stjuliendevouvantes.fr\/index.php\/mllec\/\"><img decoding=\"async\" width=\"206\" height=\"206\" src=\"https:\/\/stjuliendevouvantes.fr\/wp-content\/uploads\/2026\/04\/358147017_704064008397088_2177131641472958367_n-removebg-preview.png\" alt=\"\" class=\"wp-image-7100\" style=\"width:206px;height:auto\" srcset=\"https:\/\/stjuliendevouvantes.fr\/wp-content\/uploads\/2026\/04\/358147017_704064008397088_2177131641472958367_n-removebg-preview.png 206w, https:\/\/stjuliendevouvantes.fr\/wp-content\/uploads\/2026\/04\/358147017_704064008397088_2177131641472958367_n-removebg-preview-150x150.png 150w\" sizes=\"(max-width: 206px) 100vw, 206px\" \/><\/a><\/figure><\/div>\n\n\n<p class=\"has-text-align-center has-text-color has-link-color has-medium-font-size wp-elements-6872a64ee9c31ece732eaa08e1b22812\" style=\"color:#812b2b\">Coiffure, bien-\u00eatre, un moment pour soi&#8230;<\/p>\n<\/div>\n\n\n\n<div class=\"wp-block-column is-vertically-aligned-stretch has-background is-layout-flow wp-block-column-is-layout-flow\" style=\"background-color:#ab2345;padding-top:var(--wp--preset--spacing--30);padding-right:var(--wp--preset--spacing--30);padding-bottom:var(--wp--preset--spacing--30);padding-left:var(--wp--preset--spacing--30)\">\n<figure class=\"wp-block-image size-full\"><a href=\"https:\/\/stjuliendevouvantes.fr\/index.php\/le-fournil-vouvantais\/\"><img decoding=\"async\" width=\"300\" height=\"239\" src=\"https:\/\/stjuliendevouvantes.fr\/wp-content\/uploads\/2026\/04\/6853bc174eca8.jpg\" alt=\"\" class=\"wp-image-7101\"\/><\/a><\/figure>\n\n\n\n<p class=\"has-text-align-center has-accent-font-color has-text-color has-link-color has-medium-font-size wp-elements-275b05bba2e4f193b3b3f85c4e5b4072\">Boulangerie, p\u00e2tisserie<\/p>\n<\/div>\n\n\n\n<div class=\"wp-block-column is-vertically-aligned-stretch has-background is-layout-flow wp-block-column-is-layout-flow\" style=\"background-color:#f1ebd9;padding-top:var(--wp--preset--spacing--30);padding-right:var(--wp--preset--spacing--30);padding-bottom:var(--wp--preset--spacing--30);padding-left:var(--wp--preset--spacing--30)\"><div class=\"wp-block-image\">\n<figure class=\"aligncenter size-full is-resized\"><a href=\"https:\/\/stjuliendevouvantes.fr\/index.php\/le-barbylone\/\"><img loading=\"lazy\" decoding=\"async\" width=\"922\" height=\"921\" src=\"https:\/\/stjuliendevouvantes.fr\/wp-content\/uploads\/2026\/04\/468862520_122156123228299035_9185011815604720258_n.jpg\" alt=\"\" class=\"wp-image-6954\" style=\"width:205px;height:auto\" srcset=\"https:\/\/stjuliendevouvantes.fr\/wp-content\/uploads\/2026\/04\/468862520_122156123228299035_9185011815604720258_n.jpg 922w, https:\/\/stjuliendevouvantes.fr\/wp-content\/uploads\/2026\/04\/468862520_122156123228299035_9185011815604720258_n-300x300.jpg 300w, https:\/\/stjuliendevouvantes.fr\/wp-content\/uploads\/2026\/04\/468862520_122156123228299035_9185011815604720258_n-150x150.jpg 150w, https:\/\/stjuliendevouvantes.fr\/wp-content\/uploads\/2026\/04\/468862520_122156123228299035_9185011815604720258_n-768x767.jpg 768w, https:\/\/stjuliendevouvantes.fr\/wp-content\/uploads\/2026\/04\/468862520_122156123228299035_9185011815604720258_n-465x464.jpg 465w, https:\/\/stjuliendevouvantes.fr\/wp-content\/uploads\/2026\/04\/468862520_122156123228299035_9185011815604720258_n-501x500.jpg 501w, https:\/\/stjuliendevouvantes.fr\/wp-content\/uploads\/2026\/04\/468862520_122156123228299035_9185011815604720258_n-500x499.jpg 500w, https:\/\/stjuliendevouvantes.fr\/wp-content\/uploads\/2026\/04\/468862520_122156123228299035_9185011815604720258_n-800x799.jpg 800w\" sizes=\"(max-width: 922px) 100vw, 922px\" \/><\/a><\/figure><\/div>\n\n\n<p class=\"has-text-align-center has-black-color has-text-color has-link-color has-medium-font-size wp-elements-48fb6e07fbe835ed85aab346913e8431\">Bar, tabac, presse, loto&#8230;<\/p>\n<\/div>\n<\/div>\n\n\n\n<div class=\"wp-block-columns is-layout-flex wp-container-core-columns-is-layout-2 wp-block-columns-is-layout-flex\">\n<div class=\"wp-block-column is-vertically-aligned-stretch has-background is-layout-flow wp-block-column-is-layout-flow\" style=\"background-color:#a2d9d9;padding-top:var(--wp--preset--spacing--30);padding-right:var(--wp--preset--spacing--30);padding-bottom:var(--wp--preset--spacing--30);padding-left:var(--wp--preset--spacing--30)\"><div class=\"wp-block-image\">\n<figure class=\"aligncenter size-full\"><img loading=\"lazy\" decoding=\"async\" width=\"420\" height=\"150\" src=\"https:\/\/stjuliendevouvantes.fr\/wp-content\/uploads\/2026\/04\/enseigne-removebg-preview.png\" alt=\"\" class=\"wp-image-7097\" srcset=\"https:\/\/stjuliendevouvantes.fr\/wp-content\/uploads\/2026\/04\/enseigne-removebg-preview.png 420w, https:\/\/stjuliendevouvantes.fr\/wp-content\/uploads\/2026\/04\/enseigne-removebg-preview-300x107.png 300w\" sizes=\"(max-width: 420px) 100vw, 420px\" \/><\/figure><\/div>\n\n\n<p class=\"has-text-color has-link-color wp-elements-c90193b6c4d6f8b1e64d90013c121057\" style=\"color:#a2d9d9\">..Salon de <\/p>\n\n\n\n<p class=\"has-text-align-center has-medium-font-size\">Salon de <\/p>\n\n\n\n<p class=\"has-text-align-center has-medium-font-size\">coiffure<\/p>\n<\/div>\n\n\n\n<div class=\"wp-block-column has-background is-layout-flow wp-block-column-is-layout-flow\" style=\"background-color:#bce9d6;padding-top:var(--wp--preset--spacing--30);padding-right:var(--wp--preset--spacing--30);padding-bottom:var(--wp--preset--spacing--30);padding-left:var(--wp--preset--spacing--30)\"><div class=\"wp-block-image\">\n<figure class=\"aligncenter size-full\"><img loading=\"lazy\" decoding=\"async\" width=\"225\" height=\"225\" src=\"https:\/\/stjuliendevouvantes.fr\/wp-content\/uploads\/2026\/04\/logo-removebg-preview.png\" alt=\"\" class=\"wp-image-7104\" srcset=\"https:\/\/stjuliendevouvantes.fr\/wp-content\/uploads\/2026\/04\/logo-removebg-preview.png 225w, https:\/\/stjuliendevouvantes.fr\/wp-content\/uploads\/2026\/04\/logo-removebg-preview-150x150.png 150w\" sizes=\"(max-width: 225px) 100vw, 225px\" \/><\/figure><\/div>\n\n\n<p class=\"has-text-align-center has-medium-font-size\">Pharmacie, Hom\u00e9opathie, vaccination&#8230;.<\/p>\n<\/div>\n\n\n\n<div class=\"wp-block-column has-accent-font-color has-text-color has-background has-link-color wp-elements-d45c6d832874ae2416849d278be77aeb is-layout-flow wp-block-column-is-layout-flow\" style=\"background-color:#ececec;padding-top:var(--wp--preset--spacing--30);padding-right:var(--wp--preset--spacing--30);padding-bottom:var(--wp--preset--spacing--30);padding-left:var(--wp--preset--spacing--30)\"><div class=\"wp-block-image\">\n<figure class=\"aligncenter size-full\"><a href=\"https:\/\/stjuliendevouvantes.fr\/index.php\/garage-charles\/\"><img loading=\"lazy\" decoding=\"async\" width=\"275\" height=\"158\" src=\"https:\/\/stjuliendevouvantes.fr\/wp-content\/uploads\/2026\/04\/KJH-removebg-preview.png\" alt=\"\" class=\"wp-image-7105\"\/><\/a><\/figure><\/div>\n\n\n<p class=\"has-text-align-center has-black-color has-text-color has-link-color has-medium-font-size wp-elements-3926692549bd61e7b99dd6a532e10efa\">Garage auto, vente et r\u00e9paration, cartes grises, remplacement pare-brise&#8230;..<\/p>\n<\/div>\n\n\n\n<div class=\"wp-block-column is-vertically-aligned-stretch has-accent-font-color has-text-color has-background has-link-color wp-elements-d0530736696e604ea2bcbfd7ab5723ba is-layout-flow wp-block-column-is-layout-flow\" style=\"background-color:#c7e6b4;padding-top:var(--wp--preset--spacing--30);padding-right:var(--wp--preset--spacing--30);padding-bottom:var(--wp--preset--spacing--30);padding-left:var(--wp--preset--spacing--30)\"><div class=\"wp-block-image\">\n<figure class=\"aligncenter size-full\"><img loading=\"lazy\" decoding=\"async\" width=\"225\" height=\"225\" src=\"https:\/\/stjuliendevouvantes.fr\/wp-content\/uploads\/2026\/04\/TERRENA_PRO_CONTACT_LOGO-removebg-preview.png\" alt=\"\" class=\"wp-image-7106\" srcset=\"https:\/\/stjuliendevouvantes.fr\/wp-content\/uploads\/2026\/04\/TERRENA_PRO_CONTACT_LOGO-removebg-preview.png 225w, https:\/\/stjuliendevouvantes.fr\/wp-content\/uploads\/2026\/04\/TERRENA_PRO_CONTACT_LOGO-removebg-preview-150x150.png 150w\" sizes=\"(max-width: 225px) 100vw, 225px\" \/><\/figure><\/div>\n\n\n<p class=\"has-text-align-center has-text-color has-link-color has-medium-font-size wp-elements-71c232833b5fdf2b4e3fcb3c7ab72034\" style=\"color:#7a2d2d\">Jardinerie, bricolage &#8211; professionnels et particuliers<\/p>\n<\/div>\n<\/div>\n\n\n\n<div class=\"wp-block-columns is-layout-flex wp-container-core-columns-is-layout-3 wp-block-columns-is-layout-flex\">\n<div class=\"wp-block-column is-layout-flow wp-block-column-is-layout-flow\"><\/div>\n<\/div>\n\n\n\n<div class=\"wp-block-columns is-layout-flex wp-container-core-columns-is-layout-4 wp-block-columns-is-layout-flex\">\n<div class=\"wp-block-column has-background is-layout-flow wp-block-column-is-layout-flow\" style=\"background-color:#d5d5d5\"><div class=\"wp-block-image\">\n<figure class=\"aligncenter size-full is-resized\"><a href=\"https:\/\/stjuliendevouvantes.fr\/index.php\/sarl-guy-pecot\/\"><img loading=\"lazy\" decoding=\"async\" width=\"245\" height=\"184\" src=\"https:\/\/stjuliendevouvantes.fr\/wp-content\/uploads\/2026\/04\/oiypc-removebg-preview.png\" alt=\"\" class=\"wp-image-7098\" style=\"width:245px;height:auto\"\/><\/a><\/figure><\/div>\n\n\n<p class=\"has-text-align-center has-medium-font-size\">Travaux Publics, am\u00e9nagement, assainissement&#8230;<\/p>\n<\/div>\n\n\n\n<div class=\"wp-block-column is-layout-flow wp-block-column-is-layout-flow\"><\/div>\n\n\n\n<div class=\"wp-block-column is-layout-flow wp-block-column-is-layout-flow\"><\/div>\n\n\n\n<div class=\"wp-block-column is-layout-flow wp-block-column-is-layout-flow\"><\/div>\n<\/div>\n\n\n\n<p><\/p>\n","protected":false},"excerpt":{"rendered":"<p>PAGE EN COURS DE CONSTRUCTION&#8230;&#8230;&#8230;&#8230;. Cliquez sur l&rsquo;enseigne pour en savoir plus&#8230;.. &#8230;&#8230;&#8230;&#8230;&#8230;. Sup\u00e9rette, produits locaux, planches ap\u00e9ro, op\u00e9rations de saisons&#8230;.. Coiffure, bien-\u00eatre, un moment pour soi&#8230; Boulangerie, p\u00e2tisserie Bar, tabac, presse, loto&#8230; ..Salon de Salon de coiffure Pharmacie, Hom\u00e9opathie, vaccination&#8230;. Garage auto, vente et r\u00e9paration, cartes grises, remplacement pare-brise&#8230;..<span class=\"more-link\"><a href=\"https:\/\/stjuliendevouvantes.fr\/index.php\/commerces-artisanat-services\/\">lire la suite &#8230;<\/a><\/span><\/p>\n","protected":false},"author":3,"featured_media":0,"parent":0,"menu_order":0,"comment_status":"closed","ping_status":"closed","template":"","meta":{"om_disable_all_campaigns":false,"_monsterinsights_skip_tracking":false,"_monsterinsights_sitenote_active":false,"_monsterinsights_sitenote_note":"","_monsterinsights_sitenote_category":0,"footnotes":""},"class_list":["entry","author-admin5402","post-7051","page","type-page","status-publish"],"aioseo_notices":[],"publishpress_future_action":{"enabled":false,"date":"2026-05-03 15:32:09","action":"change-status","newStatus":"draft","terms":[],"taxonomy":"","extraData":[]},"publishpress_future_workflow_manual_trigger":{"enabledWorkflows":[]},"_links":{"self":[{"href":"https:\/\/stjuliendevouvantes.fr\/index.php\/wp-json\/wp\/v2\/pages\/7051","targetHints":{"allow":["GET"]}}],"collection":[{"href":"https:\/\/stjuliendevouvantes.fr\/index.php\/wp-json\/wp\/v2\/pages"}],"about":[{"href":"https:\/\/stjuliendevouvantes.fr\/index.php\/wp-json\/wp\/v2\/types\/page"}],"author":[{"embeddable":true,"href":"https:\/\/stjuliendevouvantes.fr\/index.php\/wp-json\/wp\/v2\/users\/3"}],"replies":[{"embeddable":true,"href":"https:\/\/stjuliendevouvantes.fr\/index.php\/wp-json\/wp\/v2\/comments?post=7051"}],"version-history":[{"count":19,"href":"https:\/\/stjuliendevouvantes.fr\/index.php\/wp-json\/wp\/v2\/pages\/7051\/revisions"}],"predecessor-version":[{"id":7109,"href":"https:\/\/stjuliendevouvantes.fr\/index.php\/wp-json\/wp\/v2\/pages\/7051\/revisions\/7109"}],"wp:attachment":[{"href":"https:\/\/stjuliendevouvantes.fr\/index.php\/wp-json\/wp\/v2\/media?parent=7051"}],"curies":[{"name":"wp","href":"https:\/\/api.w.org\/{rel}","templated":true}]}}